{"id":543,"date":"2023-11-28T20:30:05","date_gmt":"2023-11-28T20:30:05","guid":{"rendered":"https:\/\/smile-rks.com\/?page_id=543"},"modified":"2023-11-28T23:07:27","modified_gmt":"2023-11-28T23:07:27","slug":"fizioterapi","status":"publish","type":"page","link":"https:\/\/smile-rks.com\/tr\/fizioterapi\/","title":{"rendered":"Fizyoterapi Bak\u0131m\u0131"},"content":{"rendered":"<section class=\"section\" id=\"section_1488346656\">\n\t\t<div class=\"section-bg fill\" >\n\t\t\t\t\t\t\t\t\t\n\t\t\t\n\n\t\t<\/div>\n\n\t\t\n\n\t\t<div class=\"section-content relative\">\n\t\t\t\n\n<div class=\"row\" style=\"max-width:1300px\" id=\"row-1434972721\">\n\n\n\t<div id=\"col-446449812\" class=\"col small-12 large-12\"  >\n\t\t\t\t<div class=\"col-inner\"  >\n\t\t\t\n\t\t\t\n\n\t<div id=\"gap-1999865182\" class=\"gap-element clearfix\" style=\"display:block; height:auto;\">\n\t\t\n<style>\n#gap-1999865182 {\n  padding-top: 30px;\n}\n<\/style>\n\t<\/div>\n\t\n\n\n  <div class=\"banner has-hover\" id=\"banner-1364505182\">\n          <div class=\"banner-inner fill\">\n        <div class=\"banner-bg fill\" >\n            <img loading=\"lazy\" decoding=\"async\" width=\"1000\" height=\"667\" src=\"https:\/\/smile-rks.com\/wp-content\/uploads\/2023\/11\/female-nurse-doing-physiotherapy-with-senior-man-nursing-home-using-dumbbells-1.jpg\" class=\"bg attachment-original size-original\" alt=\"\" \/>                                    \n                    <\/div>\n\t\t\n        <div class=\"banner-layers container\">\n            <div class=\"fill banner-link\"><\/div>            \n\n   <div id=\"text-box-887528530\" class=\"text-box banner-layer x50 md-x50 lg-x50 y50 md-y50 lg-y50 res-text\">\n                                <div class=\"text-box-content text dark\">\n              \n              <div class=\"text-inner text-center\">\n                  \n\n\n              <\/div>\n           <\/div>\n                            \n<style>\n#text-box-887528530 {\n  width: 60%;\n}\n#text-box-887528530 .text-box-content {\n  font-size: 100%;\n}\n<\/style>\n    <\/div>\n \n\n        <\/div>\n      <\/div>\n\n            \n<style>\n#banner-1364505182 {\n  padding-top: 381px;\n  background-color: rgb(249, 245, 242);\n}\n#banner-1364505182 .banner-bg img {\n  object-position: 2% 60%;\n}\n<\/style>\n  <\/div>\n\n\n\n\t\t<\/div>\n\t\t\t\t\t<\/div>\n\n\t\n\n<\/div>\n\n\t\t<\/div>\n\n\t\t\n<style>\n#section_1488346656 {\n  padding-top: 0px;\n  padding-bottom: 0px;\n  background-color: rgb(249, 245, 242);\n}\n<\/style>\n\t<\/section>\n\t\n\n\t<section class=\"section\" id=\"section_1734968050\">\n\t\t<div class=\"section-bg fill\" >\n\t\t\t\t\t\t\t\t\t\n\t\t\t\n\n\t\t<\/div>\n\n\t\t\n\n\t\t<div class=\"section-content relative\">\n\t\t\t\n\n<div class=\"row\"  id=\"row-2048848155\">\n\n\n\t<div id=\"col-1448260283\" class=\"col medium-6 small-12 large-6\"  >\n\t\t\t\t<div class=\"col-inner\" style=\"background-color:rgb(255, 255, 255);\" >\n\t\t\t\n\t\t\t\n\n<h2 class=\"thin-font\"><strong>Fizyoterapi Bak\u0131m\u0131 <\/strong>(Program Plan\u0131)<\/h2>\n\n\t\t<\/div>\n\t\t\t\t\n<style>\n#col-1448260283 > .col-inner {\n  padding: 30px 30px 15px 30px;\n  margin: -42px 0px 0px 0px;\n  border-radius: 7px;\n}\n@media (min-width:550px) {\n  #col-1448260283 > .col-inner {\n    margin: -72px 0px 0px 0px;\n  }\n}\n<\/style>\n\t<\/div>\n\n\t\n\n<\/div>\n\n\t\t<\/div>\n\n\t\t\n<style>\n#section_1734968050 {\n  padding-top: 0px;\n  padding-bottom: 0px;\n}\n<\/style>\n\t<\/section>\n\t\n\n\t<section class=\"section\" id=\"section_1690012349\">\n\t\t<div class=\"section-bg fill\" >\n\t\t\t\t\t\t\t\t\t\n\t\t\t\n\n\t\t<\/div>\n\n\t\t\n\n\t\t<div class=\"section-content relative\">\n\t\t\t\n\n<div class=\"row\"  id=\"row-1189947740\">\n\n\n\t<div id=\"col-6194793\" class=\"col medium-8 small-12 large-8\"  >\n\t\t\t\t<div class=\"col-inner\"  >\n\t\t\t\n\t\t\t\n\n<ul>\n<li class=\"bullet-arrow\"><strong>Elektro Terapi<\/strong>\n<p>Bu a\u011fr\u0131y\u0131 azaltmaya, doku iyile\u015fmesini te\u015fvik etmeye ve kaslar\u0131 g\u00fc\u00e7lendirmeye yard\u0131mc\u0131 olabilir..<\/p>\n<\/li>\n<li class=\"bullet-arrow\"><strong>Basit Masaj<\/strong>\n<p>Bu t\u00fcr masaj stresi hafifletmeye, rahatlamaya, kan dola\u015f\u0131m\u0131n\u0131 art\u0131rmaya yard\u0131mc\u0131 olur.<\/p>\n<\/li>\n<li class=\"bullet-arrow\"><strong>Lenfatik Drenaj<\/strong>\n<p>Manuel lenfatik drenaj olarak da bilinen lenfatik drenaj masaj\u0131, t\u0131bbi tedavi veya hastal\u0131k lenfatik sisteminizi t\u0131kad\u0131\u011f\u0131nda ortaya \u00e7\u0131kan \u015fi\u015fli\u011fi hafifletir.<\/p>\n<\/li>\n<li class=\"bullet-arrow\"><strong>Kinesioterapi<\/strong>\n<p>Kinesioterapi, fiziksel rahats\u0131zl\u0131klar\u0131 tedavi etmek i\u00e7in v\u00fccut hareketine dayal\u0131 rehabilitasyon tekniklerinden olu\u015fur. Bu genellikle kaslar\u0131n, tendonlar\u0131n ve ba\u011flar\u0131n gerilmesini i\u00e7erir.<\/p>\n<\/li>\n<li class=\"bullet-arrow\"><strong>Manuel Terapi<\/strong>\n<p>Bu teknikler hareket aral\u0131\u011f\u0131n\u0131 ve doku hizalamas\u0131n\u0131 geli\u015ftirmek, yumu\u015fak dokular\u0131 ve eklemleri harekete ge\u00e7irmek veya manip\u00fcle etmek, a\u011fr\u0131y\u0131 kontrol etmek i\u00e7in kullan\u0131labilir.<\/p>\n<\/li>\n<li class=\"bullet-arrow\"><strong>Termoterapi<\/strong>\n<p>Ba\u015fl\u0131ca kullan\u0131m\u0131 kas sertli\u011fi, hassasiyeti ve spazmlarla ili\u015fkili kal\u0131c\u0131 a\u011fr\u0131n\u0131n hafifletilmesine yard\u0131mc\u0131 olmakt\u0131r.<\/p>\n<\/li>\n<\/ul>\n\n\t\t<\/div>\n\t\t\t\t\n<style>\n#col-6194793 > .col-inner {\n  padding: 0px 0px 0px 0px;\n}\n@media (min-width:550px) {\n  #col-6194793 > .col-inner {\n    padding: 0px 0px 0px 30px;\n  }\n}\n<\/style>\n\t<\/div>\n\n\t\n\n\t<div id=\"col-1561438421\" class=\"col medium-4 small-12 large-4\"  >\n\t\t\t\t<div class=\"col-inner\"  >\n\t\t\t\n\t\t\t\n\n\t<div class=\"img has-hover x md-x lg-x y md-y lg-y\" id=\"image_2102394614\">\n\t\t\t\t\t\t\t\t<div class=\"img-inner image-cover dark\" style=\"padding-top:65%;\">\n\t\t\t<img loading=\"lazy\" decoding=\"async\" width=\"1000\" height=\"667\" src=\"https:\/\/smile-rks.com\/wp-content\/uploads\/2023\/11\/physiotherapist-helping-elderly-patient-with-hand-exercise-physiotherapy-clinic.jpg\" class=\"attachment-original size-original\" alt=\"\" srcset=\"https:\/\/smile-rks.com\/wp-content\/uploads\/2023\/11\/physiotherapist-helping-elderly-patient-with-hand-exercise-physiotherapy-clinic.jpg 1000w, https:\/\/smile-rks.com\/wp-content\/uploads\/2023\/11\/physiotherapist-helping-elderly-patient-with-hand-exercise-physiotherapy-clinic-300x200.jpg 300w, https:\/\/smile-rks.com\/wp-content\/uploads\/2023\/11\/physiotherapist-helping-elderly-patient-with-hand-exercise-physiotherapy-clinic-768x512.jpg 768w\" sizes=\"auto, (max-width: 1000px) 100vw, 1000px\" \/>\t\t\t\t\t\t\n\t\t\t\t\t<\/div>\n\t\t\t\t\t\t\t\t\n<style>\n#image_2102394614 {\n  width: 100%;\n}\n<\/style>\n\t<\/div>\n\t\n\n\n\t\t<\/div>\n\t\t\t\t\t<\/div>\n\n\t\n\n<\/div>\n\n\t\t<\/div>\n\n\t\t\n<style>\n#section_1690012349 {\n  padding-top: 0px;\n  padding-bottom: 0px;\n}\n<\/style>\n\t<\/section>","protected":false},"excerpt":{"rendered":"","protected":false},"author":1,"featured_media":0,"parent":0,"menu_order":0,"comment_status":"closed","ping_status":"closed","template":"page-blank.php","meta":{"footnotes":""},"class_list":["post-543","page","type-page","status-publish","hentry"],"_links":{"self":[{"href":"https:\/\/smile-rks.com\/tr\/wp-json\/wp\/v2\/pages\/543","targetHints":{"allow":["GET"]}}],"collection":[{"href":"https:\/\/smile-rks.com\/tr\/wp-json\/wp\/v2\/pages"}],"about":[{"href":"https:\/\/smile-rks.com\/tr\/wp-json\/wp\/v2\/types\/page"}],"author":[{"embeddable":true,"href":"https:\/\/smile-rks.com\/tr\/wp-json\/wp\/v2\/users\/1"}],"replies":[{"embeddable":true,"href":"https:\/\/smile-rks.com\/tr\/wp-json\/wp\/v2\/comments?post=543"}],"version-history":[{"count":0,"href":"https:\/\/smile-rks.com\/tr\/wp-json\/wp\/v2\/pages\/543\/revisions"}],"wp:attachment":[{"href":"https:\/\/smile-rks.com\/tr\/wp-json\/wp\/v2\/media?parent=543"}],"curies":[{"name":"wp","href":"https:\/\/api.w.org\/{rel}","templated":true}]}}