{"id":428,"date":"2023-11-11T20:59:52","date_gmt":"2023-11-11T20:59:52","guid":{"rendered":"https:\/\/smile-rks.com\/?page_id=428"},"modified":"2023-11-16T22:54:06","modified_gmt":"2023-11-16T22:54:06","slug":"keshilla-per-kujdesin-dixhital","status":"publish","type":"page","link":"https:\/\/smile-rks.com\/tr\/keshilla-per-kujdesin-dixhital\/","title":{"rendered":"Dijital bak\u0131m tavsiyesi"},"content":{"rendered":"<section class=\"section\" id=\"section_1225306997\">\n\t\t<div class=\"section-bg fill\" >\n\t\t\t\t\t\t\t\t\t\n\t\t\t\n\n\t\t<\/div>\n\n\t\t\n\n\t\t<div class=\"section-content relative\">\n\t\t\t\n\n<div class=\"row\" style=\"max-width:1300px\" id=\"row-211839177\">\n\n\n\t<div id=\"col-918892830\" class=\"col small-12 large-12\"  >\n\t\t\t\t<div class=\"col-inner\"  >\n\t\t\t\n\t\t\t\n\n\t<div id=\"gap-2115143888\" class=\"gap-element clearfix\" style=\"display:block; height:auto;\">\n\t\t\n<style>\n#gap-2115143888 {\n  padding-top: 30px;\n}\n<\/style>\n\t<\/div>\n\t\n\n\n  <div class=\"banner has-hover\" id=\"banner-449130055\">\n          <div class=\"banner-inner fill\">\n        <div class=\"banner-bg fill\" >\n            <img loading=\"lazy\" decoding=\"async\" width=\"996\" height=\"664\" src=\"https:\/\/smile-rks.com\/wp-content\/uploads\/2023\/11\/senior-couple-using-tablet_23-2148014583.jpg\" class=\"bg attachment-original size-original\" alt=\"\" \/>                        <div class=\"overlay\"><\/div>            \n                    <\/div>\n\t\t\n        <div class=\"banner-layers container\">\n            <div class=\"fill banner-link\"><\/div>            \n\n   <div id=\"text-box-1642691334\" class=\"text-box banner-layer x50 md-x50 lg-x50 y50 md-y50 lg-y50 res-text\">\n                                <div class=\"text-box-content text dark\">\n              \n              <div class=\"text-inner text-center\">\n                  \n\n\n              <\/div>\n           <\/div>\n                            \n<style>\n#text-box-1642691334 {\n  width: 60%;\n}\n#text-box-1642691334 .text-box-content {\n  font-size: 100%;\n}\n<\/style>\n    <\/div>\n \n\n        <\/div>\n      <\/div>\n\n            \n<style>\n#banner-449130055 {\n  padding-top: 207px;\n  background-color: rgb(249, 245, 242);\n}\n#banner-449130055 .overlay {\n  background-color: rgba(255, 255, 255, 0.163);\n}\n#banner-449130055 .banner-bg img {\n  object-position: 0% 42%;\n}\n@media (min-width:550px) {\n  #banner-449130055 {\n    padding-top: 381px;\n  }\n}\n<\/style>\n  <\/div>\n\n\n\n\t\t<\/div>\n\t\t\t\t\t<\/div>\n\n\t\n\n<\/div>\n\n\t\t<\/div>\n\n\t\t\n<style>\n#section_1225306997 {\n  padding-top: 0px;\n  padding-bottom: 0px;\n  background-color: rgb(249, 245, 242);\n}\n<\/style>\n\t<\/section>\n\t\n\n\t<section class=\"section\" id=\"section_184951624\">\n\t\t<div class=\"section-bg fill\" >\n\t\t\t\t\t\t\t\t\t\n\t\t\t\n\n\t\t<\/div>\n\n\t\t\n\n\t\t<div class=\"section-content relative\">\n\t\t\t\n\n<div class=\"row\"  id=\"row-1887610322\">\n\n\n\t<div id=\"col-1866495248\" class=\"col medium-6 small-12 large-6\"  >\n\t\t\t\t<div class=\"col-inner\" style=\"background-color:rgb(255, 255, 255);\" >\n\t\t\t\n\t\t\t\n\n<h2>Dijital bak\u0131m tavsiyesi ve profesyonel destek<\/h2>\n\n\t\t<\/div>\n\t\t\t\t\n<style>\n#col-1866495248 > .col-inner {\n  padding: 30px 30px 15px 30px;\n  margin: -42px 0px 0px 0px;\n  border-radius: 7px;\n}\n@media (min-width:550px) {\n  #col-1866495248 > .col-inner {\n    margin: -72px 0px 0px 0px;\n  }\n}\n<\/style>\n\t<\/div>\n\n\t\n\n<\/div>\n\n\t\t<\/div>\n\n\t\t\n<style>\n#section_184951624 {\n  padding-top: 0px;\n  padding-bottom: 0px;\n}\n<\/style>\n\t<\/section>\n\t\n\n\t<section class=\"section\" id=\"section_750517262\">\n\t\t<div class=\"section-bg fill\" >\n\t\t\t\t\t\t\t\t\t\n\t\t\t\n\n\t\t<\/div>\n\n\t\t\n\n\t\t<div class=\"section-content relative\">\n\t\t\t\n\n<div class=\"row\"  id=\"row-1942978778\">\n\n\n\t<div id=\"col-841835226\" class=\"col medium-8 small-12 large-8\"  >\n\t\t\t\t<div class=\"col-inner\"  >\n\t\t\t\n\t\t\t\n\n<p>Hizmetlerimiz veya bu hizmetlerin maliyeti hakk\u0131nda herhangi bir bilgi i\u00e7in l\u00fctfen temsilcilerimizle sosyal a\u011flar arac\u0131l\u0131\u011f\u0131yla veya do\u011frudan telefon veya e-posta yoluyla ileti\u015fime ge\u00e7in..<\/p>\n<p>\u00c7ok h\u0131zl\u0131 bir \u015fekilde ihtiyac\u0131n\u0131z olan \u015fey hakk\u0131nda de\u011ferli bilgiler alacaks\u0131n\u0131z. 'Hem\u015firelik dan\u0131\u015fman\u0131' ek yeterlili\u011fine sahip e\u011fitimli hem\u015firelik profesyonelleri size tavsiye ve destek sunmaya haz\u0131rd\u0131r.<br \/>\nBak\u0131ma ihtiya\u00e7 duyanlar i\u00e7in bak\u0131m dan\u0131\u015fmanl\u0131\u011f\u0131 \u00fccretsizdir.<\/p>\n\n\t\t<\/div>\n\t\t\t\t\n<style>\n#col-841835226 > .col-inner {\n  padding: 0px 0px 0px 0px;\n}\n@media (min-width:550px) {\n  #col-841835226 > .col-inner {\n    padding: 0px 0px 0px 30px;\n  }\n}\n<\/style>\n\t<\/div>\n\n\t\n\n\t<div id=\"col-1349546332\" class=\"col medium-4 small-12 large-4 small-col-first\"  >\n\t\t\t\t<div class=\"col-inner\"  >\n\t\t\t\n\t\t\t\n\n\t<div class=\"img has-hover x md-x lg-x y md-y lg-y\" id=\"image_41951332\">\n\t\t\t\t\t\t\t\t<div class=\"img-inner image-cover dark\" style=\"padding-top:56.25%;\">\n\t\t\t<img loading=\"lazy\" decoding=\"async\" width=\"360\" height=\"540\" src=\"https:\/\/smile-rks.com\/wp-content\/uploads\/2023\/11\/bg-OI.jpg\" class=\"attachment-original size-original\" alt=\"\" srcset=\"https:\/\/smile-rks.com\/wp-content\/uploads\/2023\/11\/bg-OI.jpg 360w, https:\/\/smile-rks.com\/wp-content\/uploads\/2023\/11\/bg-OI-200x300.jpg 200w\" sizes=\"auto, (max-width: 360px) 100vw, 360px\" \/>\t\t\t\t\t\t\n\t\t\t\t\t<\/div>\n\t\t\t\t\t\t\t\t\n<style>\n#image_41951332 {\n  width: 100%;\n}\n<\/style>\n\t<\/div>\n\t\n\n\n\t\t<\/div>\n\t\t\t\t\t<\/div>\n\n\t\n\n<\/div>\n\n\t\t<\/div>\n\n\t\t\n<style>\n#section_750517262 {\n  padding-top: 0px;\n  padding-bottom: 0px;\n}\n<\/style>\n\t<\/section>\n\t\n\n\t<section class=\"section\" id=\"section_2071656642\">\n\t\t<div class=\"section-bg fill\" >\n\t\t\t\t\t\t\t\t\t\n\t\t\t\n\n\t\t<\/div>\n\n\t\t\n\n\t\t<div class=\"section-content relative\">\n\t\t\t\n\n<div class=\"row align-middle\"  id=\"row-160117115\">\n\n\n\t<div id=\"col-94299839\" class=\"col medium-5 small-12 large-5\"  >\n\t\t\t\t<div class=\"col-inner\"  >\n\t\t\t\n\t\t\t\n\n<h2>Amac\u0131m\u0131z bak\u0131m\u0131 daha g\u00fcvenli ve kolay hale getirmek.<\/h2>\n<div class=\"is-divider divider clearfix\" style=\"margin-top:0.2em;margin-bottom:0.2em;max-width:363px;height:1px;\"><\/div>\n\n\n\t\t<\/div>\n\t\t\t\t\t<\/div>\n\n\t\n\n\t<div id=\"col-1749197278\" class=\"col medium-7 small-12 large-7\"  >\n\t\t\t\t<div class=\"col-inner\"  >\n\t\t\t\n\t\t\t\n\n<p>Smile Evde Bak\u0131m'\u0131n yenilik\u00e7i hem\u015firelik tavsiyesi konsepti, hem\u015firelik bak\u0131m\u0131n\u0131 daha etkili ve s\u00fcrd\u00fcr\u00fclebilir k\u0131lar. Sertifikal\u0131 hem\u015firelik dan\u0131\u015fmanlar\u0131yla kolay ve h\u0131zl\u0131 bir \u015fekilde ileti\u015fime ge\u00e7ebilirsiniz. G\u00f6r\u00fcnt\u00fcl\u00fc telefon arac\u0131l\u0131\u011f\u0131yla yetkin tavsiye ve destek alarak zamandan ve paradan tasarruf edersiniz. Ger\u00e7ek zamanl\u0131 ka\u011f\u0131ts\u0131z belgeleme ayn\u0131 zamanda kaynaklar\u0131n korunmas\u0131na ve bak\u0131mda ekolojik bir yakla\u015f\u0131m\u0131n uygulanmas\u0131na da olanak tan\u0131r.<\/p>\n\n\t\t<\/div>\n\t\t\t\t\t<\/div>\n\n\t\n\n<\/div>\n\n\t\t<\/div>\n\n\t\t\n<style>\n#section_2071656642 {\n  padding-top: 90px;\n  padding-bottom: 90px;\n  background-color: #f9f5f2;\n}\n<\/style>\n\t<\/section>\n\t\n\n\t<section class=\"section\" id=\"section_905432467\">\n\t\t<div class=\"section-bg fill\" >\n\t\t\t\t\t\t\t\t\t\n\t\t\t\n\n\t\t<\/div>\n\n\t\t\n\n\t\t<div class=\"section-content relative\">\n\t\t\t\n\n<div class=\"row align-middle align-center\"  id=\"row-1428192911\">\n\n\n\t<div id=\"col-75651717\" class=\"col medium-8 small-12 large-8\"  >\n\t\t\t\t<div class=\"col-inner\"  >\n\t\t\t\n\t\t\t\n\n\t<div id=\"text-1325597336\" class=\"text\">\n\t\t\n\n<h2>Dijital bak\u0131m ipu\u00e7lar\u0131 bu \u015fekilde \u00e7al\u0131\u015f\u0131r<\/h2>\n\t\t\n<style>\n#text-1325597336 {\n  text-align: left;\n}\n<\/style>\n\t<\/div>\n\t\n<p>Smile'\u0131n dijital bak\u0131m ipu\u00e7lar\u0131 \u00e7ok basit bir \u015fekilde \u00e7al\u0131\u015f\u0131r. A\u015fa\u011f\u0131daki linkten kendinize uygun randevu alabilirsiniz. Randevunuz size do\u011fru zamanda hat\u0131rlat\u0131lacak ve dijital tavsiyeye eri\u015fmek de \u00e7ok kolay; sadece talimatlar\u0131 takip etmeniz yeterli.<\/p>\n\n\t\t<\/div>\n\t\t\t\t\t<\/div>\n\n\t\n\n\t<div id=\"col-1506812268\" class=\"col medium-4 small-12 large-4\"  >\n\t\t\t\t<div class=\"col-inner\" style=\"background-color:#f9f5f2;\" >\n\t\t\t\n\t\t\t\n\n\n\t\t<div class=\"icon-box featured-box icon-box-left text-left is-xlarge\"  >\n\t\t\t\t\t<div class=\"icon-box-img\" style=\"width: 38px\">\n\t\t\t\t<div class=\"icon\">\n\t\t\t\t\t<div class=\"icon-inner\" >\n\t\t\t\t\t\t<img loading=\"lazy\" decoding=\"async\" width=\"128\" height=\"128\" src=\"https:\/\/smile-rks.com\/wp-content\/uploads\/2023\/10\/telephone.png\" class=\"attachment-medium size-medium\" alt=\"\" \/>\t\t\t\t\t<\/div>\n\t\t\t\t<\/div>\n\t\t\t<\/div>\n\t\t\t\t<div class=\"icon-box-text last-reset\">\n\t\t\t\t\t\t\t\t\t\n\n\t<div id=\"text-2522948834\" class=\"text\">\n\t\t\n\n<p><span style=\"font-size: 120%;\">+383 48 711 000<\/span><\/p>\n\n\t\t\n<style>\n#text-2522948834 {\n  font-size: 1rem;\n}\n<\/style>\n\t<\/div>\n\t\n\n\t\t<\/div>\n\t<\/div>\n\t\n\t\n<div class=\"is-divider divider clearfix\" style=\"max-width:296px;height:1px;\"><\/div>\n\n\n\t\t<div class=\"icon-box featured-box icon-box-left text-left is-xlarge\"  >\n\t\t\t\t\t<div class=\"icon-box-img\" style=\"width: 38px\">\n\t\t\t\t<div class=\"icon\">\n\t\t\t\t\t<div class=\"icon-inner\" >\n\t\t\t\t\t\t<img loading=\"lazy\" decoding=\"async\" width=\"256\" height=\"256\" src=\"https:\/\/smile-rks.com\/wp-content\/uploads\/2023\/10\/email.png\" class=\"attachment-medium size-medium\" alt=\"\" srcset=\"https:\/\/smile-rks.com\/wp-content\/uploads\/2023\/10\/email.png 256w, https:\/\/smile-rks.com\/wp-content\/uploads\/2023\/10\/email-150x150.png 150w\" sizes=\"auto, (max-width: 256px) 100vw, 256px\" \/>\t\t\t\t\t<\/div>\n\t\t\t\t<\/div>\n\t\t\t<\/div>\n\t\t\t\t<div class=\"icon-box-text last-reset\">\n\t\t\t\t\t\t\t\t\t\n\n\t<div id=\"text-4207365341\" class=\"text\">\n\t\t\n\n<p><span style=\"font-size: 120%;\">info@smile-ks.com<\/span><\/p>\n\t\t\n<style>\n#text-4207365341 {\n  font-size: 1rem;\n}\n<\/style>\n\t<\/div>\n\t\n\n\t\t<\/div>\n\t<\/div>\n\t\n\t\n\n\t\t<\/div>\n\t\t\t\t\n<style>\n#col-1506812268 > .col-inner {\n  padding: 30px 30px 30px 30px;\n  border-radius: 9px;\n}\n<\/style>\n\t<\/div>\n\n\t\n\n<\/div>\n\n\t\t<\/div>\n\n\t\t\n<style>\n#section_905432467 {\n  padding-top: 90px;\n  padding-bottom: 90px;\n}\n<\/style>\n\t<\/section>\n\t\n\n\t<section class=\"section\" id=\"section_263396205\">\n\t\t<div class=\"section-bg fill\" >\n\t\t\t\t\t\t\t\t\t\n\t\t\t\n\n\t\t<\/div>\n\n\t\t\n\n\t\t<div class=\"section-content relative\">\n\t\t\t\n\n<div class=\"row align-middle align-center\"  id=\"row-658999744\">\n\n\n\t<div id=\"col-970209728\" class=\"col medium-11 small-12 large-11\"  >\n\t\t\t\t<div class=\"col-inner\"  >\n\t\t\t\n\t\t\t\n\n\t<div id=\"text-1754878989\" class=\"text\">\n\t\t\n\n<h2>Evinizin rahatl\u0131\u011f\u0131nda bak\u0131m dan\u0131\u015fma merkezleri<\/h2>\n\t\t\n<style>\n#text-1754878989 {\n  text-align: center;\n}\n<\/style>\n\t<\/div>\n\t\n\t<div id=\"text-3900038331\" class=\"text\">\n\t\t\n\n<p>Dijital bak\u0131m tavsiyelerinin en b\u00fcy\u00fck avantaj\u0131 zamandan ve mekandan ba\u011f\u0131ms\u0131z olarak kullan\u0131labilmesidir. Bu, hareket kabiliyeti s\u0131n\u0131rl\u0131 olan veya k\u0131rsal b\u00f6lgelerde ya\u015fayan ki\u015filerin tavsiye almas\u0131n\u0131 kolayla\u015ft\u0131r\u0131r. Ayr\u0131ca tavsiye arayanlar genellikle bu \u015fekilde bilgiye daha h\u0131zl\u0131 ve kolay bir \u015fekilde ula\u015fabilirler.<\/p>\n<p>Smile, \u00f6zellikle zorlu zamanlarda, daha b\u00fcy\u00fck mali stres ve profesyonel ya\u015famdaki karma\u015f\u0131k zorluklarda, m\u00fcmk\u00fcn oldu\u011fu kadar yak\u0131nlar\u0131na kolayl\u0131k sa\u011flamak ve m\u00fc\u015fterileri i\u00e7in dan\u0131\u015fmanl\u0131klar\u0131 m\u00fcmk\u00fcn oldu\u011funca keyifli ve zaman kazand\u0131r\u0131c\u0131 hale getirmek istiyor. Ki\u015fisel olarak istedi\u011finiz tarihi kolayca se\u00e7ebilirsiniz.<\/p>\n\t\t\n<style>\n#text-3900038331 {\n  text-align: center;\n}\n<\/style>\n\t<\/div>\n\t\n\n\t\t<\/div>\n\t\t\t\t\t<\/div>\n\n\t\n\n<\/div>\n\n\t\t<\/div>\n\n\t\t\n<style>\n#section_263396205 {\n  padding-top: 90px;\n  padding-bottom: 90px;\n  background-color: #f9f5f2;\n}\n<\/style>\n\t<\/section>","protected":false},"excerpt":{"rendered":"","protected":false},"author":1,"featured_media":0,"parent":0,"menu_order":0,"comment_status":"closed","ping_status":"closed","template":"page-blank.php","meta":{"footnotes":""},"class_list":["post-428","page","type-page","status-publish","hentry"],"_links":{"self":[{"href":"https:\/\/smile-rks.com\/tr\/wp-json\/wp\/v2\/pages\/428","targetHints":{"allow":["GET"]}}],"collection":[{"href":"https:\/\/smile-rks.com\/tr\/wp-json\/wp\/v2\/pages"}],"about":[{"href":"https:\/\/smile-rks.com\/tr\/wp-json\/wp\/v2\/types\/page"}],"author":[{"embeddable":true,"href":"https:\/\/smile-rks.com\/tr\/wp-json\/wp\/v2\/users\/1"}],"replies":[{"embeddable":true,"href":"https:\/\/smile-rks.com\/tr\/wp-json\/wp\/v2\/comments?post=428"}],"version-history":[{"count":0,"href":"https:\/\/smile-rks.com\/tr\/wp-json\/wp\/v2\/pages\/428\/revisions"}],"wp:attachment":[{"href":"https:\/\/smile-rks.com\/tr\/wp-json\/wp\/v2\/media?parent=428"}],"curies":[{"name":"wp","href":"https:\/\/api.w.org\/{rel}","templated":true}]}}