{"id":102,"date":"2023-10-11T15:01:38","date_gmt":"2023-10-11T15:01:38","guid":{"rendered":"https:\/\/smile-rks.com\/?page_id=102"},"modified":"2023-12-21T17:30:10","modified_gmt":"2023-12-21T17:30:10","slug":"sherbimet","status":"publish","type":"page","link":"https:\/\/smile-rks.com\/tr\/sherbimet\/","title":{"rendered":"Hizmetlerimiz"},"content":{"rendered":"<section class=\"section\" id=\"section_1096342916\">\n\t\t<div class=\"section-bg fill\" >\n\t\t\t\t\t\t\t\t\t\n\t\t\t\n\n\t\t<\/div>\n\n\t\t\n\n\t\t<div class=\"section-content relative\">\n\t\t\t\n\n<div class=\"row\" style=\"max-width:1300px\" id=\"row-1995007167\">\n\n\n\t<div id=\"col-956439792\" class=\"col small-12 large-12\"  >\n\t\t\t\t<div class=\"col-inner\"  >\n\t\t\t\n\t\t\t\n\n\t<div id=\"gap-971293911\" class=\"gap-element clearfix\" style=\"display:block; height:auto;\">\n\t\t\n<style>\n#gap-971293911 {\n  padding-top: 30px;\n}\n<\/style>\n\t<\/div>\n\t\n\n\n  <div class=\"banner has-hover\" id=\"banner-983007307\">\n          <div class=\"banner-inner fill\">\n        <div class=\"banner-bg fill\" >\n            <img loading=\"lazy\" decoding=\"async\" width=\"2493\" height=\"1662\" src=\"https:\/\/smile-rks.com\/wp-content\/uploads\/2023\/12\/happy-old-woman-nursing-home-sitting-couch-talking-with-her-caretaker-retired-woman-with-crutches.webp\" class=\"bg attachment-original size-original\" alt=\"\" \/>                                    \n                    <\/div>\n\t\t\n        <div class=\"banner-layers container\">\n            <div class=\"fill banner-link\"><\/div>            \n\n   <div id=\"text-box-181691124\" class=\"text-box banner-layer x50 md-x50 lg-x50 y50 md-y50 lg-y50 res-text\">\n                                <div class=\"text-box-content text dark\">\n              \n              <div class=\"text-inner text-center\">\n                  \n\n\n              <\/div>\n           <\/div>\n                            \n<style>\n#text-box-181691124 {\n  width: 60%;\n}\n#text-box-181691124 .text-box-content {\n  font-size: 100%;\n}\n<\/style>\n    <\/div>\n \n\n        <\/div>\n      <\/div>\n\n            \n<style>\n#banner-983007307 {\n  padding-top: 164px;\n  background-color: rgb(249, 245, 242);\n}\n#banner-983007307 .banner-bg img {\n  object-position: 0% 34%;\n}\n@media (min-width:550px) {\n  #banner-983007307 {\n    padding-top: 381px;\n  }\n}\n<\/style>\n  <\/div>\n\n\n\n\t\t<\/div>\n\t\t\t\t\t<\/div>\n\n\t\n\n<\/div>\n\n\t\t<\/div>\n\n\t\t\n<style>\n#section_1096342916 {\n  padding-top: 0px;\n  padding-bottom: 0px;\n  background-color: rgb(249, 245, 242);\n}\n<\/style>\n\t<\/section>\n\t\n\n\t<section class=\"section\" id=\"section_455941543\">\n\t\t<div class=\"section-bg fill\" >\n\t\t\t\t\t\t\t\t\t\n\t\t\t\n\n\t\t<\/div>\n\n\t\t\n\n\t\t<div class=\"section-content relative\">\n\t\t\t\n\n<div class=\"row row-collapse\"  id=\"row-749444170\">\n\n\n\t<div id=\"col-163758796\" class=\"col medium-6 small-12 large-6\"  >\n\t\t\t\t<div class=\"col-inner\" style=\"background-color:rgb(255, 255, 255);\" >\n\t\t\t\n\t\t\t\n\n<h2 class=\"translation-block\">Ya\u015fl\u0131lara evde bak\u0131m<\/h2>\n\n\t\t<\/div>\n\t\t\t\t\n<style>\n#col-163758796 > .col-inner {\n  padding: 30px 30px 15px 30px;\n  margin: -24px 0px 0px 0px;\n  border-radius: 7px;\n}\n@media (min-width:550px) {\n  #col-163758796 > .col-inner {\n    margin: -72px 0px 0px 0px;\n  }\n}\n<\/style>\n\t<\/div>\n\n\t\n\n<\/div>\n\n\t\t<\/div>\n\n\t\t\n<style>\n#section_455941543 {\n  padding-top: 0px;\n  padding-bottom: 0px;\n}\n<\/style>\n\t<\/section>\n\t\n\t<div id=\"gap-1862258385\" class=\"gap-element clearfix\" style=\"display:block; height:auto;\">\n\t\t\n<style>\n#gap-1862258385 {\n  padding-top: 30px;\n}\n<\/style>\n\t<\/div>\n\t\n\n\n\t<section class=\"section\" id=\"section_1992192365\">\n\t\t<div class=\"section-bg fill\" >\n\t\t\t\t\t\t\t\t\t\n\t\t\t\n\n\t\t<\/div>\n\n\t\t\n\n\t\t<div class=\"section-content relative\">\n\t\t\t\n\n<div class=\"row\"  id=\"row-1461249709\">\n\n\n\t<div id=\"col-1212594855\" class=\"col medium-6 small-12 large-6\"  >\n\t\t\t\t<div class=\"col-inner\"  >\n\t\t\t\n\t\t\t\n\n<ul>\n<li class=\"bullet-arrow\">Hareketsiz ki\u015filere bak\u0131m<\/li>\n<li class=\"bullet-arrow\">Ki\u015fisel hijyenin korunmas\u0131na yard\u0131m<span style=\"font-size: 85%;\"> <br \/><span style=\"font-size: 85%;\">(yeti\u015fkin bezi de\u011fi\u015ftirme ve banyo veya yatakta y\u0131kama)<\/span><\/span><\/li>\n<li class=\"bullet-arrow\">Hareket etme ve ortopedik cihazlar\u0131n kullan\u0131m\u0131 konusunda yard\u0131m<\/li>\n<li class=\"bullet-arrow\">Demansl\u0131 ki\u015filere bak\u0131m<\/li>\n<li class=\"bullet-arrow\">\u0130la\u00e7lar\u0131n d\u00fczenli al\u0131m\u0131n\u0131 kontrol etmek, temin etmek ve bak\u0131m\u0131n\u0131 yapmak<\/li>\n<\/ul>\n\n\t\t<\/div>\n\t\t\t\t\t<\/div>\n\n\t\n\n\t<div id=\"col-555343726\" class=\"col medium-6 small-12 large-6\"  >\n\t\t\t\t<div class=\"col-inner\"  >\n\t\t\t\n\t\t\t\n\n<ul>\n<li class=\"bullet-arrow\">Hem\u015fireler taraf\u0131ndan t\u0131bbi nakil ve refakat<\/li>\n<li class=\"bullet-arrow\">Palyatif bak\u0131m<\/li>\n<li class=\"bullet-arrow\">Ev e\u015fyalar\u0131n\u0131n tedariki <br \/><span style=\"font-size: 75%;\">(Ev e\u015fyalar\u0131 sat\u0131n alma konusunda yard\u0131m)<\/span><\/li>\n<li class=\"bullet-arrow\">Ev i\u015fi yapmak: <span style=\"font-size: 75%;\">(\u00e7ama\u015f\u0131r y\u0131kamak, \u00fct\u00fc yapmak, bula\u015f\u0131k y\u0131kamak) \u2026)<\/span><\/li>\n<li class=\"bullet-arrow\">Ya\u015fam alan\u0131 hijyeninin sa\u011flanmas\u0131<\/li>\n<\/ul>\n\n\t\t<\/div>\n\t\t\t\t\t<\/div>\n\n\t\n\n<\/div>\n\n\t\t<\/div>\n\n\t\t\n<style>\n#section_1992192365 {\n  padding-top: 0px;\n  padding-bottom: 0px;\n}\n@media (min-width:550px) {\n  #section_1992192365 {\n    padding-top: 0px;\n    padding-bottom: 0px;\n  }\n}\n<\/style>\n\t<\/section>\n\t\n\t<div id=\"gap-708195428\" class=\"gap-element clearfix\" style=\"display:block; height:auto;\">\n\t\t\n<style>\n#gap-708195428 {\n  padding-top: 30px;\n}\n<\/style>\n\t<\/div>\n\t\n\n\n\t<section class=\"section\" id=\"section_695889380\">\n\t\t<div class=\"section-bg fill\" >\n\t\t\t<img decoding=\"async\" src=\"https:\/\/smile-rks.com\/wp-content\/uploads\/2023\/11\/Rect-Light-1.svg\" class=\"bg attachment- size-\" alt=\"\" \/>\t\t\t\t\t\t\n\t\t\t\n\n\t\t<\/div>\n\n\t\t\n\n\t\t<div class=\"section-content relative\">\n\t\t\t\n\n<div class=\"row align-middle\"  id=\"row-456362572\">\n\n\n\t<div id=\"col-280827757\" class=\"col medium-6 small-12 large-6\"  >\n\t\t\t\t<div class=\"col-inner\"  >\n\t\t\t\n\t\t\t\n\n\t<div id=\"gap-479564582\" class=\"gap-element clearfix show-for-small\" style=\"display:block; height:auto;\">\n\t\t\n<style>\n#gap-479564582 {\n  padding-top: 41px;\n}\n@media (min-width:550px) {\n  #gap-479564582 {\n    padding-top: 30px;\n  }\n}\n<\/style>\n\t<\/div>\n\t\n\n<span class=\"scroll-to\" data-label=\"Scroll to: #sherbimetmjekesore\" data-bullet=\"false\" data-link=\"#sherbimetmjekesore\" data-title=\"sherbimet mjekesore\" ><a name=\"sherbimetmjekesore\"><\/a><\/span>\n\n\n  <div class=\"banner has-hover\" id=\"banner-1641128512\">\n          <div class=\"banner-inner fill\">\n        <div class=\"banner-bg fill\" >\n            <img loading=\"lazy\" decoding=\"async\" width=\"1020\" height=\"680\" src=\"https:\/\/smile-rks.com\/wp-content\/uploads\/2023\/11\/Services-BG-Smile-Home-Care-1024x683.webp\" class=\"bg attachment-large size-large\" alt=\"\" \/>                                    \n                    <\/div>\n\t\t\n        <div class=\"banner-layers container\">\n            <div class=\"fill banner-link\"><\/div>            \n\n   <div id=\"text-box-2031384602\" class=\"text-box banner-layer x50 md-x50 lg-x50 y50 md-y50 lg-y50 res-text\">\n                                <div class=\"text-box-content text dark\">\n              \n              <div class=\"text-inner text-center\">\n                  \n\n\n              <\/div>\n           <\/div>\n                            \n<style>\n#text-box-2031384602 {\n  width: 60%;\n}\n#text-box-2031384602 .text-box-content {\n  font-size: 100%;\n}\n<\/style>\n    <\/div>\n \n\n        <\/div>\n      <\/div>\n\n            \n<style>\n#banner-1641128512 {\n  padding-top: 218px;\n  background-color: #f9f5f2;\n}\n#banner-1641128512 .banner-bg img {\n  object-position: 36% 0%;\n}\n<\/style>\n  <\/div>\n\n\n<div class=\"row row-collapse\"  id=\"row-1052555192\">\n\n\n\t<div id=\"col-277235118\" class=\"col small-12 large-12\"  >\n\t\t\t\t<div class=\"col-inner\"  >\n\t\t\t\n\t\t\t\n\n\t<div id=\"text-271965371\" class=\"text\">\n\t\t\n\n<h2>T\u0131bbi hizmetler:<\/h2>\n\t\t\n<style>\n#text-271965371 {\n  text-align: left;\n}\n@media (min-width:550px) {\n  #text-271965371 {\n    text-align: left;\n  }\n}\n<\/style>\n\t<\/div>\n\t\n<ul>\n<li class=\"bullet-checkmark\">Terapi ve t\u0131bbi tedavilerin sa\u011flanmas\u0131 <br \/><span style=\"font-size: 75%;\">\u0130ntraven\u00f6z, intram\u00fcsk\u00fcler, oral tedavi verilmesi, yaralar\u0131n temizlenmesi, bandajlama, hastalar\u0131n kateterizasyonu, inhalasyon, diki\u015flerin al\u0131nmas\u0131 vb.<\/span><\/li>\n<li class=\"bullet-checkmark\">T\u0131bbi ziyaretlerde g\u00f6zetim ve refakat<br \/><span style=\"font-size: 75%;\">Hastan\u0131n istedi\u011fi hastaneye g\u00f6nderilmesi, ziyaretlerde kendisine e\u015flik edilmesi ve evine d\u00f6nmesi.<\/span><\/li>\n<li class=\"bullet-checkmark\">EKG<\/li>\n<li class=\"bullet-checkmark\">Glikoz (\u015feker) \u00f6l\u00e7\u00fcm\u00fc<\/li>\n<li class=\"bullet-checkmark\">Kan bas\u0131nc\u0131 \u00f6l\u00e7\u00fcm\u00fc<\/li>\n<li class=\"bullet-checkmark\">\u0130nf\u00fczyonlar<\/li>\n<li class=\"bullet-checkmark\">Enjeksiyonlar<\/li>\n<li class=\"bullet-checkmark\">\u0130la\u00e7lar\u0131n ayarlanmas\u0131<\/li>\n<li class=\"bullet-checkmark\">G\u00fcnl\u00fck ya\u015fam aktivitelerinin de\u011ferlendirilmesi<\/li>\n<\/ul>\n\n\t\t<\/div>\n\t\t\t\t\n<style>\n#col-277235118 > .col-inner {\n  padding: 30px 0px 0px 0px;\n  border-radius: 8px;\n}\n<\/style>\n\t<\/div>\n\n\t\n\n\n<style>\n#row-1052555192 > .col > .col-inner {\n  padding: 10px 22px 10px 30px;\n  background-color: rgb(255, 255, 255);\n}\n@media (min-width:550px) {\n  #row-1052555192 > .col > .col-inner {\n    padding: 30px 30px 10px 30px;\n  }\n}\n<\/style>\n<\/div>\n\n\t\t<\/div>\n\t\t\t\t\n<style>\n#col-280827757 > .col-inner {\n  padding: 0px 0px 0px 0px;\n}\n@media (min-width:550px) {\n  #col-280827757 > .col-inner {\n    padding: 0px 30px 0px 30px;\n  }\n}\n<\/style>\n\t<\/div>\n\n\t\n\n\t<div id=\"col-68182737\" class=\"col medium-6 small-12 large-6\"  >\n\t\t\t\t<div class=\"col-inner\"  >\n\t\t\t\n\t\t\t\n\n<span class=\"scroll-to\" data-label=\"Scroll to: #vizitamjekut\" data-bullet=\"false\" data-link=\"#vizitamjekut\" data-title=\"vizitamjekut\" ><a name=\"vizitamjekut\"><\/a><\/span>\n\n\t<div id=\"text-3540713471\" class=\"text\">\n\t\t\n\n<h2>Doktor ziyareti<\/h2>\n\t\t\n<style>\n#text-3540713471 {\n  text-align: left;\n}\n<\/style>\n\t<\/div>\n\t\n<div class=\"is-divider divider clearfix\" style=\"max-width:100%;height:2px;\"><\/div>\n\n\t<div id=\"text-1964617421\" class=\"text\">\n\t\t\n\n<ul>\n<li class=\"bullet-checkmark\">T\u0131bbi Kontrol<\/li>\n<li class=\"bullet-checkmark\">Sa\u011fl\u0131k tavsiyesi<\/li>\n<li class=\"bullet-checkmark\">Yemek \u0130pu\u00e7lar\u0131<\/li>\n<li class=\"bullet-checkmark\">Hastal\u0131klar\u0131n Tedavisi:<\/li>\n<\/ul>\n<p><span style=\"font-size: 80%;\">Solunum Sistemi \u2013 Farenjit, Tonsillit, Bron\u015fit, Zat\u00fcrre vb.<\/span><\/p>\n<p><span style=\"font-size: 80%;\">Kardiyovask\u00fcler Sistem - Arteriyel Hipertansiyon, Kardiyomiyopati vb.<\/span><\/p>\n<p><span style=\"font-size: 80%;\">Gastrointestinal Sistem \u2013 Gastrit, Enterokolit, \u0130shal, Kab\u0131zl\u0131k, Kolesistit vb.<\/span><\/p>\n<p><span style=\"font-size: 80%;\">\u00dcrogenital Sistem - \u00dcrogenital Sistem Enfeksiyonlar\u0131, Sistit, Piyelonefrit, Nefrolitiazis vb.<\/span><\/p>\n<p><span style=\"font-size: 80%;\">Sinir Sistemi \u2013 IW, Nevrozlar, Epilepsiler vb. sonras\u0131 durum.<\/span><\/p>\n<p><span style=\"font-size: 80%;\">Endokrin Sistemi - Tip 1 ve Tip 2 Diabetes Mellitus, Tiroid Hastal\u0131klar\u0131 vb.<\/span><\/p>\n<p><span style=\"font-size: 80%;\">Lokomotor Sistemi - Kaslarda, Eklemlerde vb. A\u011fr\u0131lar.<\/span><\/p>\n<p><span style=\"font-size: 80%;\">Bula\u015f\u0131c\u0131 Hastal\u0131klar - Grip, Sindirim Yolu Enfeksiyonlar\u0131, G\u0131da Zehirlenmesi, Cilt Enfeksiyonlar\u0131 vb.<\/span><\/p>\n\t\t\n<style>\n#text-1964617421 {\n  font-size: 1rem;\n  text-align: left;\n}\n<\/style>\n\t<\/div>\n\t\n\n\t\t<\/div>\n\t\t\t\t\t<\/div>\n\n\t\n\n<\/div>\n\n\t\t<\/div>\n\n\t\t\n<style>\n#section_695889380 {\n  padding-top: 30px;\n  padding-bottom: 30px;\n  background-color: rgb(249, 245, 242);\n}\n@media (min-width:550px) {\n  #section_695889380 {\n    padding-top: 90px;\n    padding-bottom: 90px;\n  }\n}\n<\/style>\n\t<\/section>\n\t\n<span class=\"scroll-to\" data-label=\"Scroll to: #sherbimet-tjera\" data-bullet=\"false\" data-link=\"#sherbimet-tjera\" data-title=\"Sherbimettjera\" ><a name=\"sherbimet-tjera\"><\/a><\/span>\n\n\n\n\n\t<section class=\"section\" id=\"section_1640626854\">\n\t\t<div class=\"section-bg fill\" >\n\t\t\t\t\t\t\t\t\t\n\t\t\t\n\n\t\t<\/div>\n\n\t\t\n\n\t\t<div class=\"section-content relative\">\n\t\t\t\n\n<div class=\"row align-bottom\"  id=\"row-1752609437\">\n\n\n\t<div id=\"col-1368252967\" class=\"col medium-6 small-12 large-6\"  >\n\t\t\t\t<div class=\"col-inner\"  >\n\t\t\t\n\t\t\t\n\n<h2>Di\u011fer hizmetlerimiz:<\/h2>\n<div class=\"is-divider divider clearfix\" style=\"max-width:100%;height:2px;\"><\/div>\n\n\t<div id=\"text-2027352882\" class=\"text\">\n\t\t\n\n<ul>\n<li class=\"bullet-arrow\">G\u00fcnl\u00fck Yard\u0131m\u00a0<br \/><span style=\"font-size: 75%;\">Ya\u015fl\u0131lar\u0131n ev i\u015flerinin yerine getirilmesine y\u00f6nelik g\u00fcnl\u00fck yard\u0131m; \u00f6rne\u011fin: bir \u015feyler sat\u0131n almak, ila\u00e7 almak, g\u00fcn i\u00e7inde onu takip etmek vb.<\/span><\/li>\n<li class=\"bullet-arrow\">Ki\u015fisel Bak\u0131m (Hijyen Bak\u0131m\u0131)\u00a0 <br \/><span style=\"font-size: 75%;\">Temizlik yoluyla (y\u0131kama, yeti\u015fkinler i\u00e7in bez de\u011fi\u015ftirme, giyim vb.) v\u00fccut sa\u011fl\u0131\u011f\u0131n\u0131n ve insan refah\u0131n\u0131n korunmas\u0131na yard\u0131mc\u0131 olmay\u0131 i\u00e7erir.<\/span><\/li>\n<\/ul>\n\t\t\n<style>\n#text-2027352882 {\n  font-size: 1rem;\n  text-align: left;\n}\n<\/style>\n\t<\/div>\n\t\n\n\t\t<\/div>\n\t\t\t\t\t<\/div>\n\n\t\n\n\t<div id=\"col-905171672\" class=\"col medium-6 small-12 large-6\"  >\n\t\t\t\t<div class=\"col-inner\"  >\n\t\t\t\n\t\t\t\n\n\t<div id=\"text-1699730448\" class=\"text\">\n\t\t\n\n<ul>\n<li class=\"bullet-arrow\">Ev \u0130\u015flerinde Yard\u0131m <br \/><span style=\"font-size: 75%;\">Evin genel temizli\u011fi.<\/span><\/li>\n<li class=\"bullet-arrow\">G\u0131da haz\u0131rlamak <br \/><span style=\"font-size: 75%;\">Kendi evinizde haz\u0131rl\u0131k veya haz\u0131r yemek se\u00e7enekleriyle.<\/span><\/li>\n<li class=\"bullet-arrow\">\u00c7ama\u015f\u0131rhane \u2013 <span style=\"font-size: 75%;\">Y\u0131kama, kurutma ve \u00fct\u00fcleme.<\/span><\/li>\n<li class=\"bullet-arrow\">Dad\u0131 (Bebek Bak\u0131c\u0131s\u0131) \u2013 <span style=\"font-size: 75%;\">Herhangi bir etkinlik, parti vb. durumunda \u00e7ocuklarla ilgilenmek.<\/span><\/li>\n<\/ul>\n\t\t\n<style>\n#text-1699730448 {\n  font-size: 1rem;\n  text-align: left;\n}\n<\/style>\n\t<\/div>\n\t\n\n\t\t<\/div>\n\t\t\t\t\t<\/div>\n\n\t\n\n<\/div>\n<div class=\"row align-middle\"  id=\"row-604097880\">\n\n\n\t<div id=\"col-1540751845\" class=\"col medium-8 small-12 large-8\"  >\n\t\t\t\t<div class=\"col-inner\"  >\n\t\t\t\n\t\t\t\n\n\t<div id=\"gap-467295983\" class=\"gap-element clearfix show-for-small\" style=\"display:block; height:auto;\">\n\t\t\n<style>\n#gap-467295983 {\n  padding-top: 41px;\n}\n@media (min-width:550px) {\n  #gap-467295983 {\n    padding-top: 30px;\n  }\n}\n<\/style>\n\t<\/div>\n\t\n\n\n\t\t<\/div>\n\t\t\t\t\n<style>\n#col-1540751845 > .col-inner {\n  padding: 0px 0px 0px 0px;\n}\n@media (min-width:550px) {\n  #col-1540751845 > .col-inner {\n    padding: 0px 30px 0px 30px;\n  }\n}\n<\/style>\n\t<\/div>\n\n\t\n\n<\/div>\n\n\t\t<\/div>\n\n\t\t\n<style>\n#section_1640626854 {\n  padding-top: 30px;\n  padding-bottom: 30px;\n}\n@media (min-width:550px) {\n  #section_1640626854 {\n    padding-top: 90px;\n    padding-bottom: 90px;\n  }\n}\n<\/style>\n\t<\/section>","protected":false},"excerpt":{"rendered":"","protected":false},"author":1,"featured_media":0,"parent":0,"menu_order":0,"comment_status":"closed","ping_status":"closed","template":"page-blank.php","meta":{"footnotes":""},"class_list":["post-102","page","type-page","status-publish","hentry"],"_links":{"self":[{"href":"https:\/\/smile-rks.com\/tr\/wp-json\/wp\/v2\/pages\/102","targetHints":{"allow":["GET"]}}],"collection":[{"href":"https:\/\/smile-rks.com\/tr\/wp-json\/wp\/v2\/pages"}],"about":[{"href":"https:\/\/smile-rks.com\/tr\/wp-json\/wp\/v2\/types\/page"}],"author":[{"embeddable":true,"href":"https:\/\/smile-rks.com\/tr\/wp-json\/wp\/v2\/users\/1"}],"replies":[{"embeddable":true,"href":"https:\/\/smile-rks.com\/tr\/wp-json\/wp\/v2\/comments?post=102"}],"version-history":[{"count":0,"href":"https:\/\/smile-rks.com\/tr\/wp-json\/wp\/v2\/pages\/102\/revisions"}],"wp:attachment":[{"href":"https:\/\/smile-rks.com\/tr\/wp-json\/wp\/v2\/media?parent=102"}],"curies":[{"name":"wp","href":"https:\/\/api.w.org\/{rel}","templated":true}]}}