{"id":543,"date":"2023-11-28T20:30:05","date_gmt":"2023-11-28T20:30:05","guid":{"rendered":"https:\/\/smile-rks.com\/?page_id=543"},"modified":"2023-11-28T23:07:27","modified_gmt":"2023-11-28T23:07:27","slug":"fizioterapi","status":"publish","type":"page","link":"https:\/\/smile-rks.com\/sr\/fizioterapi\/","title":{"rendered":"Fizioterapijska njega"},"content":{"rendered":"<section class=\"section\" id=\"section_238306984\">\n\t\t<div class=\"section-bg fill\" >\n\t\t\t\t\t\t\t\t\t\n\t\t\t\n\n\t\t<\/div>\n\n\t\t\n\n\t\t<div class=\"section-content relative\">\n\t\t\t\n\n<div class=\"row\" style=\"max-width:1300px\" id=\"row-1916883387\">\n\n\n\t<div id=\"col-879781922\" class=\"col small-12 large-12\"  >\n\t\t\t\t<div class=\"col-inner\"  >\n\t\t\t\n\t\t\t\n\n\t<div id=\"gap-1679342221\" class=\"gap-element clearfix\" style=\"display:block; height:auto;\">\n\t\t\n<style>\n#gap-1679342221 {\n  padding-top: 30px;\n}\n<\/style>\n\t<\/div>\n\t\n\n\n  <div class=\"banner has-hover\" id=\"banner-2048562025\">\n          <div class=\"banner-inner fill\">\n        <div class=\"banner-bg fill\" >\n            <img loading=\"lazy\" decoding=\"async\" width=\"1000\" height=\"667\" src=\"https:\/\/smile-rks.com\/wp-content\/uploads\/2023\/11\/female-nurse-doing-physiotherapy-with-senior-man-nursing-home-using-dumbbells-1.jpg\" class=\"bg attachment-original size-original\" alt=\"\" \/>                                    \n                    <\/div>\n\t\t\n        <div class=\"banner-layers container\">\n            <div class=\"fill banner-link\"><\/div>            \n\n   <div id=\"text-box-679799863\" class=\"text-box banner-layer x50 md-x50 lg-x50 y50 md-y50 lg-y50 res-text\">\n                                <div class=\"text-box-content text dark\">\n              \n              <div class=\"text-inner text-center\">\n                  \n\n\n              <\/div>\n           <\/div>\n                            \n<style>\n#text-box-679799863 {\n  width: 60%;\n}\n#text-box-679799863 .text-box-content {\n  font-size: 100%;\n}\n<\/style>\n    <\/div>\n \n\n        <\/div>\n      <\/div>\n\n            \n<style>\n#banner-2048562025 {\n  padding-top: 381px;\n  background-color: rgb(249, 245, 242);\n}\n#banner-2048562025 .banner-bg img {\n  object-position: 2% 60%;\n}\n<\/style>\n  <\/div>\n\n\n\n\t\t<\/div>\n\t\t\t\t\t<\/div>\n\n\t\n\n<\/div>\n\n\t\t<\/div>\n\n\t\t\n<style>\n#section_238306984 {\n  padding-top: 0px;\n  padding-bottom: 0px;\n  background-color: rgb(249, 245, 242);\n}\n<\/style>\n\t<\/section>\n\t\n\n\t<section class=\"section\" id=\"section_24466169\">\n\t\t<div class=\"section-bg fill\" >\n\t\t\t\t\t\t\t\t\t\n\t\t\t\n\n\t\t<\/div>\n\n\t\t\n\n\t\t<div class=\"section-content relative\">\n\t\t\t\n\n<div class=\"row\"  id=\"row-303724331\">\n\n\n\t<div id=\"col-77571126\" class=\"col medium-6 small-12 large-6\"  >\n\t\t\t\t<div class=\"col-inner\" style=\"background-color:rgb(255, 255, 255);\" >\n\t\t\t\n\t\t\t\n\n<h2 class=\"thin-font\"><strong>Fizioterapijska njega <\/strong>(programski plan)<\/h2>\n\n\t\t<\/div>\n\t\t\t\t\n<style>\n#col-77571126 > .col-inner {\n  padding: 30px 30px 15px 30px;\n  margin: -42px 0px 0px 0px;\n  border-radius: 7px;\n}\n@media (min-width:550px) {\n  #col-77571126 > .col-inner {\n    margin: -72px 0px 0px 0px;\n  }\n}\n<\/style>\n\t<\/div>\n\n\t\n\n<\/div>\n\n\t\t<\/div>\n\n\t\t\n<style>\n#section_24466169 {\n  padding-top: 0px;\n  padding-bottom: 0px;\n}\n<\/style>\n\t<\/section>\n\t\n\n\t<section class=\"section\" id=\"section_945646330\">\n\t\t<div class=\"section-bg fill\" >\n\t\t\t\t\t\t\t\t\t\n\t\t\t\n\n\t\t<\/div>\n\n\t\t\n\n\t\t<div class=\"section-content relative\">\n\t\t\t\n\n<div class=\"row\"  id=\"row-1412804361\">\n\n\n\t<div id=\"col-775253115\" class=\"col medium-8 small-12 large-8\"  >\n\t\t\t\t<div class=\"col-inner\"  >\n\t\t\t\n\t\t\t\n\n<ul>\n<li class=\"bullet-arrow\"><strong>Elektroterapija<\/strong>\n<p>Ovo mo\u017ee pomo\u0107i u smanjenju bolova, stimulaciji zarastanja tkiva i ja\u010danju mi\u0161i\u0107a.<\/p>\n<\/li>\n<li class=\"bullet-arrow\"><strong>Obi\u010dna masa\u017ea<\/strong>\n<p>Ova vrsta masa\u017ee poma\u017ee u osloba\u0111anju od stresa, opu\u0161tanju, pove\u0107anju cirkulacije krvi.<\/p>\n<\/li>\n<li class=\"bullet-arrow\"><strong>Limfna drena\u017ea<\/strong>\n<p>Limfna drena\u017ena masa\u017ea, poznata i kao ru\u010dna limfna drena\u017ea, ubla\u017eava otok koji se javlja kada medicinski tretman ili bolest blokira va\u0161 limfni sistem.<\/p>\n<\/li>\n<li class=\"bullet-arrow\"><strong>Kinezioterapija<\/strong>\n<p>Kinezioterapija se sastoji od tehnika rehabilitacije zasnovanih na pokretima tela za le\u010denje fizi\u010dkih oboljenja. Ovo \u010desto uklju\u010duje istezanje mi\u0161i\u0107a, tetiva i ligamenata.<\/p>\n<\/li>\n<li class=\"bullet-arrow\"><strong>Ru\u010dna terapija<\/strong>\n<p>Ove tehnike se mogu koristiti za pobolj\u0161anje opsega pokreta i poravnanja tkiva, za mobilizaciju ili manipulaciju mekim tkivima i zglobovima radi kontrole bola.<\/p>\n<\/li>\n<li class=\"bullet-arrow\"><strong>Termoterapija<\/strong>\n<p>Njegova primarna upotreba je da pomogne u ubla\u017eavanju upornog bola povezanog sa uko\u010deno\u0161\u0107u mi\u0161i\u0107a, osetljivo\u0161\u0107u i gr\u010devima.<\/p>\n<\/li>\n<\/ul>\n\n\t\t<\/div>\n\t\t\t\t\n<style>\n#col-775253115 > .col-inner {\n  padding: 0px 0px 0px 0px;\n}\n@media (min-width:550px) {\n  #col-775253115 > .col-inner {\n    padding: 0px 0px 0px 30px;\n  }\n}\n<\/style>\n\t<\/div>\n\n\t\n\n\t<div id=\"col-864937270\" class=\"col medium-4 small-12 large-4\"  >\n\t\t\t\t<div class=\"col-inner\"  >\n\t\t\t\n\t\t\t\n\n\t<div class=\"img has-hover x md-x lg-x y md-y lg-y\" id=\"image_777245227\">\n\t\t\t\t\t\t\t\t<div class=\"img-inner image-cover dark\" style=\"padding-top:65%;\">\n\t\t\t<img loading=\"lazy\" decoding=\"async\" width=\"1000\" height=\"667\" src=\"https:\/\/smile-rks.com\/wp-content\/uploads\/2023\/11\/physiotherapist-helping-elderly-patient-with-hand-exercise-physiotherapy-clinic.jpg\" class=\"attachment-original size-original\" alt=\"\" srcset=\"https:\/\/smile-rks.com\/wp-content\/uploads\/2023\/11\/physiotherapist-helping-elderly-patient-with-hand-exercise-physiotherapy-clinic.jpg 1000w, https:\/\/smile-rks.com\/wp-content\/uploads\/2023\/11\/physiotherapist-helping-elderly-patient-with-hand-exercise-physiotherapy-clinic-300x200.jpg 300w, https:\/\/smile-rks.com\/wp-content\/uploads\/2023\/11\/physiotherapist-helping-elderly-patient-with-hand-exercise-physiotherapy-clinic-768x512.jpg 768w\" sizes=\"auto, (max-width: 1000px) 100vw, 1000px\" \/>\t\t\t\t\t\t\n\t\t\t\t\t<\/div>\n\t\t\t\t\t\t\t\t\n<style>\n#image_777245227 {\n  width: 100%;\n}\n<\/style>\n\t<\/div>\n\t\n\n\n\t\t<\/div>\n\t\t\t\t\t<\/div>\n\n\t\n\n<\/div>\n\n\t\t<\/div>\n\n\t\t\n<style>\n#section_945646330 {\n  padding-top: 0px;\n  padding-bottom: 0px;\n}\n<\/style>\n\t<\/section>","protected":false},"excerpt":{"rendered":"","protected":false},"author":1,"featured_media":0,"parent":0,"menu_order":0,"comment_status":"closed","ping_status":"closed","template":"page-blank.php","meta":{"footnotes":""},"class_list":["post-543","page","type-page","status-publish","hentry"],"_links":{"self":[{"href":"https:\/\/smile-rks.com\/sr\/wp-json\/wp\/v2\/pages\/543","targetHints":{"allow":["GET"]}}],"collection":[{"href":"https:\/\/smile-rks.com\/sr\/wp-json\/wp\/v2\/pages"}],"about":[{"href":"https:\/\/smile-rks.com\/sr\/wp-json\/wp\/v2\/types\/page"}],"author":[{"embeddable":true,"href":"https:\/\/smile-rks.com\/sr\/wp-json\/wp\/v2\/users\/1"}],"replies":[{"embeddable":true,"href":"https:\/\/smile-rks.com\/sr\/wp-json\/wp\/v2\/comments?post=543"}],"version-history":[{"count":0,"href":"https:\/\/smile-rks.com\/sr\/wp-json\/wp\/v2\/pages\/543\/revisions"}],"wp:attachment":[{"href":"https:\/\/smile-rks.com\/sr\/wp-json\/wp\/v2\/media?parent=543"}],"curies":[{"name":"wp","href":"https:\/\/api.w.org\/{rel}","templated":true}]}}