{"id":428,"date":"2023-11-11T20:59:52","date_gmt":"2023-11-11T20:59:52","guid":{"rendered":"https:\/\/smile-rks.com\/?page_id=428"},"modified":"2023-11-16T22:54:06","modified_gmt":"2023-11-16T22:54:06","slug":"keshilla-per-kujdesin-dixhital","status":"publish","type":"page","link":"https:\/\/smile-rks.com\/sr\/keshilla-per-kujdesin-dixhital\/","title":{"rendered":"Saveti za digitalnu negu"},"content":{"rendered":"<section class=\"section\" id=\"section_661732254\">\n\t\t<div class=\"section-bg fill\" >\n\t\t\t\t\t\t\t\t\t\n\t\t\t\n\n\t\t<\/div>\n\n\t\t\n\n\t\t<div class=\"section-content relative\">\n\t\t\t\n\n<div class=\"row\" style=\"max-width:1300px\" id=\"row-225747436\">\n\n\n\t<div id=\"col-129528718\" class=\"col small-12 large-12\"  >\n\t\t\t\t<div class=\"col-inner\"  >\n\t\t\t\n\t\t\t\n\n\t<div id=\"gap-1767280729\" class=\"gap-element clearfix\" style=\"display:block; height:auto;\">\n\t\t\n<style>\n#gap-1767280729 {\n  padding-top: 30px;\n}\n<\/style>\n\t<\/div>\n\t\n\n\n  <div class=\"banner has-hover\" id=\"banner-937246115\">\n          <div class=\"banner-inner fill\">\n        <div class=\"banner-bg fill\" >\n            <img loading=\"lazy\" decoding=\"async\" width=\"996\" height=\"664\" src=\"https:\/\/smile-rks.com\/wp-content\/uploads\/2023\/11\/senior-couple-using-tablet_23-2148014583.jpg\" class=\"bg attachment-original size-original\" alt=\"\" \/>                        <div class=\"overlay\"><\/div>            \n                    <\/div>\n\t\t\n        <div class=\"banner-layers container\">\n            <div class=\"fill banner-link\"><\/div>            \n\n   <div id=\"text-box-1171741691\" class=\"text-box banner-layer x50 md-x50 lg-x50 y50 md-y50 lg-y50 res-text\">\n                                <div class=\"text-box-content text dark\">\n              \n              <div class=\"text-inner text-center\">\n                  \n\n\n              <\/div>\n           <\/div>\n                            \n<style>\n#text-box-1171741691 {\n  width: 60%;\n}\n#text-box-1171741691 .text-box-content {\n  font-size: 100%;\n}\n<\/style>\n    <\/div>\n \n\n        <\/div>\n      <\/div>\n\n            \n<style>\n#banner-937246115 {\n  padding-top: 207px;\n  background-color: rgb(249, 245, 242);\n}\n#banner-937246115 .overlay {\n  background-color: rgba(255, 255, 255, 0.163);\n}\n#banner-937246115 .banner-bg img {\n  object-position: 0% 42%;\n}\n@media (min-width:550px) {\n  #banner-937246115 {\n    padding-top: 381px;\n  }\n}\n<\/style>\n  <\/div>\n\n\n\n\t\t<\/div>\n\t\t\t\t\t<\/div>\n\n\t\n\n<\/div>\n\n\t\t<\/div>\n\n\t\t\n<style>\n#section_661732254 {\n  padding-top: 0px;\n  padding-bottom: 0px;\n  background-color: rgb(249, 245, 242);\n}\n<\/style>\n\t<\/section>\n\t\n\n\t<section class=\"section\" id=\"section_2128928731\">\n\t\t<div class=\"section-bg fill\" >\n\t\t\t\t\t\t\t\t\t\n\t\t\t\n\n\t\t<\/div>\n\n\t\t\n\n\t\t<div class=\"section-content relative\">\n\t\t\t\n\n<div class=\"row\"  id=\"row-181870876\">\n\n\n\t<div id=\"col-1662849851\" class=\"col medium-6 small-12 large-6\"  >\n\t\t\t\t<div class=\"col-inner\" style=\"background-color:rgb(255, 255, 255);\" >\n\t\t\t\n\t\t\t\n\n<h2>Saveti za digitalnu negu i profesionalna podr\u0161ka<\/h2>\n\n\t\t<\/div>\n\t\t\t\t\n<style>\n#col-1662849851 > .col-inner {\n  padding: 30px 30px 15px 30px;\n  margin: -42px 0px 0px 0px;\n  border-radius: 7px;\n}\n@media (min-width:550px) {\n  #col-1662849851 > .col-inner {\n    margin: -72px 0px 0px 0px;\n  }\n}\n<\/style>\n\t<\/div>\n\n\t\n\n<\/div>\n\n\t\t<\/div>\n\n\t\t\n<style>\n#section_2128928731 {\n  padding-top: 0px;\n  padding-bottom: 0px;\n}\n<\/style>\n\t<\/section>\n\t\n\n\t<section class=\"section\" id=\"section_1859385921\">\n\t\t<div class=\"section-bg fill\" >\n\t\t\t\t\t\t\t\t\t\n\t\t\t\n\n\t\t<\/div>\n\n\t\t\n\n\t\t<div class=\"section-content relative\">\n\t\t\t\n\n<div class=\"row\"  id=\"row-745293672\">\n\n\n\t<div id=\"col-1018162501\" class=\"col medium-8 small-12 large-8\"  >\n\t\t\t\t<div class=\"col-inner\"  >\n\t\t\t\n\t\t\t\n\n<p>Za bilo kakve informacije o na\u0161im uslugama ili ceni ovih usluga, molimo kontaktirajte na\u0161e agente preko dru\u0161tvenih mre\u017ea ili direktno putem telefona ili e-maila.<\/p>\n<p>Vrlo brzo \u0107ete dobiti dragocene informacije o tome \u0161ta vam je potrebno. Obu\u010deni profesionalci medicinskih tehni\u010dara sa dodatnom kvalifikacijom \u201esavetnici medicinski tehni\u010dari\u201c su na raspolaganju da vam ponude savete i podr\u0161ku.<br \/>\nSavetovanje za negu je besplatno za one kojima je nega potrebna.<\/p>\n\n\t\t<\/div>\n\t\t\t\t\n<style>\n#col-1018162501 > .col-inner {\n  padding: 0px 0px 0px 0px;\n}\n@media (min-width:550px) {\n  #col-1018162501 > .col-inner {\n    padding: 0px 0px 0px 30px;\n  }\n}\n<\/style>\n\t<\/div>\n\n\t\n\n\t<div id=\"col-135435321\" class=\"col medium-4 small-12 large-4 small-col-first\"  >\n\t\t\t\t<div class=\"col-inner\"  >\n\t\t\t\n\t\t\t\n\n\t<div class=\"img has-hover x md-x lg-x y md-y lg-y\" id=\"image_1773560901\">\n\t\t\t\t\t\t\t\t<div class=\"img-inner image-cover dark\" style=\"padding-top:56.25%;\">\n\t\t\t<img loading=\"lazy\" decoding=\"async\" width=\"360\" height=\"540\" src=\"https:\/\/smile-rks.com\/wp-content\/uploads\/2023\/11\/bg-OI.jpg\" class=\"attachment-original size-original\" alt=\"\" srcset=\"https:\/\/smile-rks.com\/wp-content\/uploads\/2023\/11\/bg-OI.jpg 360w, https:\/\/smile-rks.com\/wp-content\/uploads\/2023\/11\/bg-OI-200x300.jpg 200w\" sizes=\"auto, (max-width: 360px) 100vw, 360px\" \/>\t\t\t\t\t\t\n\t\t\t\t\t<\/div>\n\t\t\t\t\t\t\t\t\n<style>\n#image_1773560901 {\n  width: 100%;\n}\n<\/style>\n\t<\/div>\n\t\n\n\n\t\t<\/div>\n\t\t\t\t\t<\/div>\n\n\t\n\n<\/div>\n\n\t\t<\/div>\n\n\t\t\n<style>\n#section_1859385921 {\n  padding-top: 0px;\n  padding-bottom: 0px;\n}\n<\/style>\n\t<\/section>\n\t\n\n\t<section class=\"section\" id=\"section_1226755044\">\n\t\t<div class=\"section-bg fill\" >\n\t\t\t\t\t\t\t\t\t\n\t\t\t\n\n\t\t<\/div>\n\n\t\t\n\n\t\t<div class=\"section-content relative\">\n\t\t\t\n\n<div class=\"row align-middle\"  id=\"row-675682099\">\n\n\n\t<div id=\"col-1214069496\" class=\"col medium-5 small-12 large-5\"  >\n\t\t\t\t<div class=\"col-inner\"  >\n\t\t\t\n\t\t\t\n\n<h2>Na\u0161 cilj je da negu u\u010dinimo bezbednijom i lak\u0161om.<\/h2>\n<div class=\"is-divider divider clearfix\" style=\"margin-top:0.2em;margin-bottom:0.2em;max-width:363px;height:1px;\"><\/div>\n\n\n\t\t<\/div>\n\t\t\t\t\t<\/div>\n\n\t\n\n\t<div id=\"col-656550972\" class=\"col medium-7 small-12 large-7\"  >\n\t\t\t\t<div class=\"col-inner\"  >\n\t\t\t\n\t\t\t\n\n<p>Inovativni koncept saveta za negu Smile Home Care \u2013 \u010dini medicinsku negu efikasnijom i odr\u017eivijom. Mo\u017eete lako i brzo kontaktirati sertifikovane medicinske tehni\u010dare savetnike. Dobi\u0107ete kompetentne savete i podr\u0161ku putem video-telefonije, \u0161tede\u0107i vreme i novac. Dokumentacija bez papira u realnom vremenu tako\u0111e omogu\u0107ava o\u010duvanje resursa i implementaciju ekolo\u0161kog aspekta u nezi.<\/p>\n\n\t\t<\/div>\n\t\t\t\t\t<\/div>\n\n\t\n\n<\/div>\n\n\t\t<\/div>\n\n\t\t\n<style>\n#section_1226755044 {\n  padding-top: 90px;\n  padding-bottom: 90px;\n  background-color: #f9f5f2;\n}\n<\/style>\n\t<\/section>\n\t\n\n\t<section class=\"section\" id=\"section_1805893208\">\n\t\t<div class=\"section-bg fill\" >\n\t\t\t\t\t\t\t\t\t\n\t\t\t\n\n\t\t<\/div>\n\n\t\t\n\n\t\t<div class=\"section-content relative\">\n\t\t\t\n\n<div class=\"row align-middle align-center\"  id=\"row-1152606577\">\n\n\n\t<div id=\"col-294388827\" class=\"col medium-8 small-12 large-8\"  >\n\t\t\t\t<div class=\"col-inner\"  >\n\t\t\t\n\t\t\t\n\n\t<div id=\"text-3804849112\" class=\"text\">\n\t\t\n\n<h2>Saveti za digitalnu negu funkcioni\u0161u na slede\u0107i na\u010din<\/h2>\n\t\t\n<style>\n#text-3804849112 {\n  text-align: left;\n}\n<\/style>\n\t<\/div>\n\t\n<p>Smile-ovi digitalni saveti za negu funkcioni\u0161u veoma jednostavno. Mo\u017eete zakazati termin koji Vama odgovara koriste\u0107i link ispod. Podseti\u0107ete se na va\u0161 termin blagovremeno, a pristup digitalnom savetu je tako\u0111e veoma lak - samo pratite uputstva.<\/p>\n\n\t\t<\/div>\n\t\t\t\t\t<\/div>\n\n\t\n\n\t<div id=\"col-1118951591\" class=\"col medium-4 small-12 large-4\"  >\n\t\t\t\t<div class=\"col-inner\" style=\"background-color:#f9f5f2;\" >\n\t\t\t\n\t\t\t\n\n\n\t\t<div class=\"icon-box featured-box icon-box-left text-left is-xlarge\"  >\n\t\t\t\t\t<div class=\"icon-box-img\" style=\"width: 38px\">\n\t\t\t\t<div class=\"icon\">\n\t\t\t\t\t<div class=\"icon-inner\" >\n\t\t\t\t\t\t<img loading=\"lazy\" decoding=\"async\" width=\"128\" height=\"128\" src=\"https:\/\/smile-rks.com\/wp-content\/uploads\/2023\/10\/telephone.png\" class=\"attachment-medium size-medium\" alt=\"\" \/>\t\t\t\t\t<\/div>\n\t\t\t\t<\/div>\n\t\t\t<\/div>\n\t\t\t\t<div class=\"icon-box-text last-reset\">\n\t\t\t\t\t\t\t\t\t\n\n\t<div id=\"text-2446859609\" class=\"text\">\n\t\t\n\n<p><span style=\"font-size: 120%;\">+383 48 711 000<\/span><\/p>\n\n\t\t\n<style>\n#text-2446859609 {\n  font-size: 1rem;\n}\n<\/style>\n\t<\/div>\n\t\n\n\t\t<\/div>\n\t<\/div>\n\t\n\t\n<div class=\"is-divider divider clearfix\" style=\"max-width:296px;height:1px;\"><\/div>\n\n\n\t\t<div class=\"icon-box featured-box icon-box-left text-left is-xlarge\"  >\n\t\t\t\t\t<div class=\"icon-box-img\" style=\"width: 38px\">\n\t\t\t\t<div class=\"icon\">\n\t\t\t\t\t<div class=\"icon-inner\" >\n\t\t\t\t\t\t<img loading=\"lazy\" decoding=\"async\" width=\"256\" height=\"256\" src=\"https:\/\/smile-rks.com\/wp-content\/uploads\/2023\/10\/email.png\" class=\"attachment-medium size-medium\" alt=\"\" srcset=\"https:\/\/smile-rks.com\/wp-content\/uploads\/2023\/10\/email.png 256w, https:\/\/smile-rks.com\/wp-content\/uploads\/2023\/10\/email-150x150.png 150w\" sizes=\"auto, (max-width: 256px) 100vw, 256px\" \/>\t\t\t\t\t<\/div>\n\t\t\t\t<\/div>\n\t\t\t<\/div>\n\t\t\t\t<div class=\"icon-box-text last-reset\">\n\t\t\t\t\t\t\t\t\t\n\n\t<div id=\"text-555530592\" class=\"text\">\n\t\t\n\n<p><span style=\"font-size: 120%;\">info@smile-ks.com<\/span><\/p>\n\t\t\n<style>\n#text-555530592 {\n  font-size: 1rem;\n}\n<\/style>\n\t<\/div>\n\t\n\n\t\t<\/div>\n\t<\/div>\n\t\n\t\n\n\t\t<\/div>\n\t\t\t\t\n<style>\n#col-1118951591 > .col-inner {\n  padding: 30px 30px 30px 30px;\n  border-radius: 9px;\n}\n<\/style>\n\t<\/div>\n\n\t\n\n<\/div>\n\n\t\t<\/div>\n\n\t\t\n<style>\n#section_1805893208 {\n  padding-top: 90px;\n  padding-bottom: 90px;\n}\n<\/style>\n\t<\/section>\n\t\n\n\t<section class=\"section\" id=\"section_1146972885\">\n\t\t<div class=\"section-bg fill\" >\n\t\t\t\t\t\t\t\t\t\n\t\t\t\n\n\t\t<\/div>\n\n\t\t\n\n\t\t<div class=\"section-content relative\">\n\t\t\t\n\n<div class=\"row align-middle align-center\"  id=\"row-259287596\">\n\n\n\t<div id=\"col-1302570753\" class=\"col medium-11 small-12 large-11\"  >\n\t\t\t\t<div class=\"col-inner\"  >\n\t\t\t\n\t\t\t\n\n\t<div id=\"text-3037296251\" class=\"text\">\n\t\t\n\n<h2>Centri za savetovanje o nezi u udobnosti va\u0161eg doma<\/h2>\n\t\t\n<style>\n#text-3037296251 {\n  text-align: center;\n}\n<\/style>\n\t<\/div>\n\t\n\t<div id=\"text-63807217\" class=\"text\">\n\t\t\n\n<p>Glavna prednost digitalnog saveta za negu je to \u0161to se mo\u017ee koristiti bez obzira na vreme i mesto. Ovo olak\u0161ava ljudima sa ograni\u010denom pokretljivo\u0161\u0107u ili u ruralnim podru\u010djima da dobiju savet. Pored toga, oni koji tra\u017ee savet \u010desto mogu br\u017ee i lak\u0161e da dobiju informacije na ovaj na\u010din.<\/p>\n<p>Naro\u010dito u ovima izazovnim vremenima, velikom finansijskom stresu i slo\u017eenim izazovima u profesionalnom \u017eivotu, Smile \u017eeli da \u0161to vi\u0161e olak\u0161a najbli\u017eima i u\u0107ini da konsultacije svojim klijentima budu \u0161to prijatnije i da \u0161tede vreme. Vi mo\u017eete lako odabrati svoj li\u010dni \u017eeljeni datum.<\/p>\n\t\t\n<style>\n#text-63807217 {\n  text-align: center;\n}\n<\/style>\n\t<\/div>\n\t\n\n\t\t<\/div>\n\t\t\t\t\t<\/div>\n\n\t\n\n<\/div>\n\n\t\t<\/div>\n\n\t\t\n<style>\n#section_1146972885 {\n  padding-top: 90px;\n  padding-bottom: 90px;\n  background-color: #f9f5f2;\n}\n<\/style>\n\t<\/section>","protected":false},"excerpt":{"rendered":"","protected":false},"author":1,"featured_media":0,"parent":0,"menu_order":0,"comment_status":"closed","ping_status":"closed","template":"page-blank.php","meta":{"footnotes":""},"class_list":["post-428","page","type-page","status-publish","hentry"],"_links":{"self":[{"href":"https:\/\/smile-rks.com\/sr\/wp-json\/wp\/v2\/pages\/428","targetHints":{"allow":["GET"]}}],"collection":[{"href":"https:\/\/smile-rks.com\/sr\/wp-json\/wp\/v2\/pages"}],"about":[{"href":"https:\/\/smile-rks.com\/sr\/wp-json\/wp\/v2\/types\/page"}],"author":[{"embeddable":true,"href":"https:\/\/smile-rks.com\/sr\/wp-json\/wp\/v2\/users\/1"}],"replies":[{"embeddable":true,"href":"https:\/\/smile-rks.com\/sr\/wp-json\/wp\/v2\/comments?post=428"}],"version-history":[{"count":0,"href":"https:\/\/smile-rks.com\/sr\/wp-json\/wp\/v2\/pages\/428\/revisions"}],"wp:attachment":[{"href":"https:\/\/smile-rks.com\/sr\/wp-json\/wp\/v2\/media?parent=428"}],"curies":[{"name":"wp","href":"https:\/\/api.w.org\/{rel}","templated":true}]}}