{"id":107,"date":"2023-10-11T15:02:22","date_gmt":"2023-10-11T15:02:22","guid":{"rendered":"https:\/\/smile-rks.com\/?page_id=107"},"modified":"2023-12-20T17:07:47","modified_gmt":"2023-12-20T17:07:47","slug":"kontakti","status":"publish","type":"page","link":"https:\/\/smile-rks.com\/sr\/kontakti\/","title":{"rendered":"Kontaktni podaci"},"content":{"rendered":"<section class=\"section\" id=\"section_898576683\">\n\t\t<div class=\"section-bg fill\" >\n\t\t\t\t\t\t\t\t\t\n\t\t\t\n\n\t\t<\/div>\n\n\t\t\n\n\t\t<div class=\"section-content relative\">\n\t\t\t\n\n<div class=\"row align-center\" style=\"max-width:1200px\" id=\"row-119015512\">\n\n\n\t<div id=\"col-1384253191\" class=\"col medium-7 small-12 large-7\"  >\n\t\t\t\t<div class=\"col-inner\"  >\n\t\t\t\n\t\t\t\n\n\t<div id=\"gap-610471115\" class=\"gap-element clearfix\" style=\"display:block; height:auto;\">\n\t\t\n<style>\n#gap-610471115 {\n  padding-top: 50px;\n}\n<\/style>\n\t<\/div>\n\t\n\n\t<div id=\"text-320237172\" class=\"text\">\n\t\t\n\n<h2>Kontaktni podaci<\/h2>\n\t\t\n<style>\n#text-320237172 {\n  font-size: 2.25rem;\n  text-align: center;\n}\n<\/style>\n\t<\/div>\n\t\n<div class=\"text-center\"><div class=\"is-divider divider clearfix\" style=\"margin-top:1.1em;margin-bottom:1.1em;max-width:404px;height:1px;background-color:#c02026;\"><\/div><\/div>\n\n\t<div id=\"text-2768954778\" class=\"text\">\n\t\t\n\n<p>Pridru\u017eite se na\u0161oj zajednici i obezbedite da va\u0161i najmiliji budu u sigurnim rukama!<\/p>\n\t\t\n<style>\n#text-2768954778 {\n  text-align: center;\n}\n<\/style>\n\t<\/div>\n\t\n\n\t\t<\/div>\n\t\t\t\t\t<\/div>\n\n\t\n\n<\/div>\n\n\t\t<\/div>\n\n\t\t\n<style>\n#section_898576683 {\n  padding-top: 0px;\n  padding-bottom: 0px;\n}\n<\/style>\n\t<\/section>\n\t\n\n\t<section class=\"section\" id=\"section_49379370\">\n\t\t<div class=\"section-bg fill\" >\n\t\t\t\t\t\t\t\t\t\n\t\t\t\n\n\t\t<\/div>\n\n\t\t\n\n\t\t<div class=\"section-content relative\">\n\t\t\t\n\n<div class=\"row row-collapse align-equal\" style=\"max-width:1200px\" id=\"row-1868070883\">\n\n\n\t<div id=\"col-665258121\" class=\"col medium-4 small-12 large-4\"  >\n\t\t\t\t<div class=\"col-inner\"  >\n\t\t\t\n\t\t\t\n\n\n  <div class=\"banner has-hover\" id=\"banner-1123296404\">\n          <div class=\"banner-inner fill\">\n        <div class=\"banner-bg fill\" >\n            <img loading=\"lazy\" decoding=\"async\" width=\"1020\" height=\"604\" src=\"https:\/\/smile-rks.com\/wp-content\/uploads\/2023\/11\/pflegehelden-24-stunden-pflege-1024x606.webp\" class=\"bg attachment-large size-large\" alt=\"\" \/>                                    \n                    <\/div>\n\t\t\n        <div class=\"banner-layers container\">\n            <div class=\"fill banner-link\"><\/div>            \n\n\n        <\/div>\n      <\/div>\n\n            \n<style>\n#banner-1123296404 {\n  padding-top: 49%;\n  background-color: rgb(255, 255, 255);\n}\n#banner-1123296404 .banner-bg img {\n  object-position: 12% 7%;\n}\n@media (min-width:550px) {\n  #banner-1123296404 {\n    padding-top: 99.99%;\n  }\n}\n<\/style>\n  <\/div>\n\n\n\n\t\t<\/div>\n\t\t\t\t\t<\/div>\n\n\t\n\n\t<div id=\"col-75789153\" class=\"col medium-4 small-12 large-4\"  >\n\t\t\t\t<div class=\"col-inner text-center\"  >\n\t\t\t\n\t\t\t\n\n\t<div id=\"gap-2013726499\" class=\"gap-element clearfix\" style=\"display:block; height:auto;\">\n\t\t\n<style>\n#gap-2013726499 {\n  padding-top: 25px;\n}\n<\/style>\n\t<\/div>\n\t\n\n\t<div class=\"img has-hover x md-x lg-x y md-y lg-y\" id=\"image_292900737\">\n\t\t\t\t\t\t\t\t<div class=\"img-inner dark\" >\n\t\t\t<img loading=\"lazy\" decoding=\"async\" width=\"512\" height=\"512\" src=\"https:\/\/smile-rks.com\/wp-content\/uploads\/2023\/10\/pin.png\" class=\"attachment-large size-large\" alt=\"\" srcset=\"https:\/\/smile-rks.com\/wp-content\/uploads\/2023\/10\/pin.png 512w, https:\/\/smile-rks.com\/wp-content\/uploads\/2023\/10\/pin-300x300.png 300w, https:\/\/smile-rks.com\/wp-content\/uploads\/2023\/10\/pin-150x150.png 150w\" sizes=\"auto, (max-width: 512px) 100vw, 512px\" \/>\t\t\t\t\t\t\n\t\t\t\t\t<\/div>\n\t\t\t\t\t\t\t\t\n<style>\n#image_292900737 {\n  width: 23%;\n}\n@media (min-width:550px) {\n  #image_292900737 {\n    width: 15%;\n  }\n}\n@media (min-width:850px) {\n  #image_292900737 {\n    width: 23%;\n  }\n}\n<\/style>\n\t<\/div>\n\t\n\n\t<div id=\"gap-1639632514\" class=\"gap-element clearfix\" style=\"display:block; height:auto;\">\n\t\t\n<style>\n#gap-1639632514 {\n  padding-top: 30px;\n}\n<\/style>\n\t<\/div>\n\t\n\n\t<div id=\"text-2582268090\" class=\"text\">\n\t\t\n\n<h2 class=\"thin-font\">Ul. Fatime Xhaka, Mati1, <br \/>Ulaz 02, objekat 1, <br \/>10000 Pri\u0161tina, Kosovo.<\/h2>\n\t\t\n<style>\n#text-2582268090 {\n  font-size: 1rem;\n  text-align: center;\n}\n@media (min-width:550px) {\n  #text-2582268090 {\n    font-size: 0.9rem;\n  }\n}\n@media (min-width:850px) {\n  #text-2582268090 {\n    font-size: 0.75rem;\n  }\n}\n<\/style>\n\t<\/div>\n\t\n\n\t\t<\/div>\n\t\t\t\t\n<style>\n#col-75789153 > .col-inner {\n  padding: 11px 50px 34px 50px;\n}\n@media (min-width:550px) {\n  #col-75789153 > .col-inner {\n    padding: 10px 10px 10px 11px;\n  }\n}\n@media (min-width:850px) {\n  #col-75789153 > .col-inner {\n    padding: 10% 10% 10% 10%;\n  }\n}\n<\/style>\n\t<\/div>\n\n\t\n\n\t<div id=\"col-118348230\" class=\"col medium-4 small-12 large-4\"  >\n\t\t\t\t<div class=\"col-inner\"  >\n\t\t\t\n\t\t\t\n\n\n  <div class=\"banner has-hover\" id=\"banner-181466995\">\n          <div class=\"banner-inner fill\">\n        <div class=\"banner-bg fill\" >\n            <img loading=\"lazy\" decoding=\"async\" width=\"360\" height=\"540\" src=\"https:\/\/smile-rks.com\/wp-content\/uploads\/2023\/11\/bg-OI.jpg\" class=\"bg attachment-large size-large\" alt=\"\" \/>                                    \n                    <\/div>\n\t\t\n        <div class=\"banner-layers container\">\n            <div class=\"fill banner-link\"><\/div>            \n\n\n        <\/div>\n      <\/div>\n\n            \n<style>\n#banner-181466995 {\n  padding-top: 50%;\n  background-color: rgb(255, 255, 255);\n}\n#banner-181466995 .banner-bg img {\n  object-position: 32% 7%;\n}\n@media (min-width:550px) {\n  #banner-181466995 {\n    padding-top: 99.99%;\n  }\n}\n<\/style>\n  <\/div>\n\n\n\n\t\t<\/div>\n\t\t\t\t\t<\/div>\n\n\t\n\n\n<style>\n#row-1868070883 > .col > .col-inner {\n  background-color: rgb(249, 245, 242);\n}\n<\/style>\n<\/div>\n<div class=\"row row-collapse align-equal\" style=\"max-width:1200px\" id=\"row-1732511706\">\n\n\n\t<div id=\"col-1693373020\" class=\"col medium-4 small-12 large-4\"  >\n\t\t\t\t<div class=\"col-inner text-center\"  >\n\t\t\t\n\t\t\t\n\n\t<div id=\"gap-1538039186\" class=\"gap-element clearfix\" style=\"display:block; height:auto;\">\n\t\t\n<style>\n#gap-1538039186 {\n  padding-top: 40px;\n}\n<\/style>\n\t<\/div>\n\t\n\n\t<div class=\"img has-hover x md-x lg-x y md-y lg-y\" id=\"image_1569558069\">\n\t\t<a class=\"\" href=\"tel:+383%2049%20200%20012\" >\t\t\t\t\t\t<div class=\"img-inner dark\" >\n\t\t\t<img loading=\"lazy\" decoding=\"async\" width=\"128\" height=\"128\" src=\"https:\/\/smile-rks.com\/wp-content\/uploads\/2023\/10\/telephone.png\" class=\"attachment-large size-large\" alt=\"\" \/>\t\t\t\t\t\t\n\t\t\t\t\t<\/div>\n\t\t\t\t\t\t<\/a>\t\t\n<style>\n#image_1569558069 {\n  width: 23%;\n}\n@media (min-width:550px) {\n  #image_1569558069 {\n    width: 15%;\n  }\n}\n@media (min-width:850px) {\n  #image_1569558069 {\n    width: 23%;\n  }\n}\n<\/style>\n\t<\/div>\n\t\n\n\t<div id=\"gap-662541554\" class=\"gap-element clearfix\" style=\"display:block; height:auto;\">\n\t\t\n<style>\n#gap-662541554 {\n  padding-top: 30px;\n}\n<\/style>\n\t<\/div>\n\t\n\n\t<div id=\"text-331474074\" class=\"text\">\n\t\t\n\n<h2 class=\"thin-font\">+383 48 711 000<\/h2>\n<h2 class=\"thin-font\">+383 38 711 000<\/h2>\n\t\t\n<style>\n#text-331474074 {\n  font-size: 1rem;\n  text-align: center;\n}\n@media (min-width:550px) {\n  #text-331474074 {\n    font-size: 0.9rem;\n  }\n}\n@media (min-width:850px) {\n  #text-331474074 {\n    font-size: 0.75rem;\n  }\n}\n<\/style>\n\t<\/div>\n\t\n\n\t\t<\/div>\n\t\t\t\t\n<style>\n#col-1693373020 > .col-inner {\n  padding: 11px 50px 34px 50px;\n}\n@media (min-width:550px) {\n  #col-1693373020 > .col-inner {\n    padding: 10px 10px 10px 11px;\n  }\n}\n@media (min-width:850px) {\n  #col-1693373020 > .col-inner {\n    padding: 10% 10% 10% 10%;\n  }\n}\n<\/style>\n\t<\/div>\n\n\t\n\n\t<div id=\"col-1912537645\" class=\"col medium-4 small-12 large-4\"  >\n\t\t\t\t<div class=\"col-inner\"  >\n\t\t\t\n\t\t\t\n\n\n  <div class=\"banner has-hover\" id=\"banner-1812330546\">\n          <div class=\"banner-inner fill\">\n        <div class=\"banner-bg fill\" >\n            <img loading=\"lazy\" decoding=\"async\" width=\"996\" height=\"664\" src=\"https:\/\/smile-rks.com\/wp-content\/uploads\/2023\/11\/senior-couple-using-tablet_23-2148014583.jpg\" class=\"bg attachment-large size-large\" alt=\"\" \/>                                    \n                    <\/div>\n\t\t\n        <div class=\"banner-layers container\">\n            <div class=\"fill banner-link\"><\/div>            \n\n\n        <\/div>\n      <\/div>\n\n            \n<style>\n#banner-1812330546 {\n  padding-top: 50%;\n  background-color: rgb(255, 255, 255);\n}\n#banner-1812330546 .banner-bg img {\n  object-position: 56% 41%;\n}\n@media (min-width:550px) {\n  #banner-1812330546 {\n    padding-top: 99.99%;\n  }\n}\n<\/style>\n  <\/div>\n\n\n\n\t\t<\/div>\n\t\t\t\t\t<\/div>\n\n\t\n\n\t<div id=\"col-149996189\" class=\"col medium-4 small-12 large-4\"  >\n\t\t\t\t<div class=\"col-inner text-center\"  >\n\t\t\t\n\t\t\t\n\n\t<div id=\"gap-149219303\" class=\"gap-element clearfix\" style=\"display:block; height:auto;\">\n\t\t\n<style>\n#gap-149219303 {\n  padding-top: 40px;\n}\n<\/style>\n\t<\/div>\n\t\n\n\t<div class=\"img has-hover x md-x lg-x y md-y lg-y\" id=\"image_824212178\">\n\t\t<a class=\"\" href=\"mailto:info@smile-rks.com\" >\t\t\t\t\t\t<div class=\"img-inner dark\" >\n\t\t\t<img loading=\"lazy\" decoding=\"async\" width=\"256\" height=\"256\" src=\"https:\/\/smile-rks.com\/wp-content\/uploads\/2023\/10\/email.png\" class=\"attachment-original size-original\" alt=\"\" srcset=\"https:\/\/smile-rks.com\/wp-content\/uploads\/2023\/10\/email.png 256w, https:\/\/smile-rks.com\/wp-content\/uploads\/2023\/10\/email-150x150.png 150w\" sizes=\"auto, (max-width: 256px) 100vw, 256px\" \/>\t\t\t\t\t\t\n\t\t\t\t\t<\/div>\n\t\t\t\t\t\t<\/a>\t\t\n<style>\n#image_824212178 {\n  width: 21%;\n}\n@media (min-width:550px) {\n  #image_824212178 {\n    width: 15%;\n  }\n}\n@media (min-width:850px) {\n  #image_824212178 {\n    width: 23%;\n  }\n}\n<\/style>\n\t<\/div>\n\t\n\n\t<div id=\"gap-143914642\" class=\"gap-element clearfix\" style=\"display:block; height:auto;\">\n\t\t\n<style>\n#gap-143914642 {\n  padding-top: 30px;\n}\n<\/style>\n\t<\/div>\n\t\n\n\t<div id=\"text-3288397600\" class=\"text\">\n\t\t\n\n<h2 class=\"thin-font\">info@smile-rks.com<br \/><br \/><\/h2>\n\t\t\n<style>\n#text-3288397600 {\n  font-size: 1rem;\n  text-align: center;\n}\n@media (min-width:550px) {\n  #text-3288397600 {\n    font-size: 0.9rem;\n  }\n}\n@media (min-width:850px) {\n  #text-3288397600 {\n    font-size: 0.75rem;\n  }\n}\n<\/style>\n\t<\/div>\n\t\n\n\t\t<\/div>\n\t\t\t\t\n<style>\n#col-149996189 > .col-inner {\n  padding: 11px 50px 34px 50px;\n}\n@media (min-width:550px) {\n  #col-149996189 > .col-inner {\n    padding: 10px 10px 10px 11px;\n  }\n}\n@media (min-width:850px) {\n  #col-149996189 > .col-inner {\n    padding: 10% 10% 10% 10%;\n  }\n}\n<\/style>\n\t<\/div>\n\n\t\n\n\n<style>\n#row-1732511706 > .col > .col-inner {\n  background-color: rgb(249, 245, 242);\n}\n<\/style>\n<\/div>\n\t<div id=\"gap-957498752\" class=\"gap-element clearfix\" style=\"display:block; height:auto;\">\n\t\t\n<style>\n#gap-957498752 {\n  padding-top: 100px;\n}\n<\/style>\n\t<\/div>\n\t\n\n\n\t\t<\/div>\n\n\t\t\n<style>\n#section_49379370 {\n  padding-top: 0px;\n  padding-bottom: 0px;\n}\n<\/style>\n\t<\/section>","protected":false},"excerpt":{"rendered":"","protected":false},"author":1,"featured_media":0,"parent":0,"menu_order":0,"comment_status":"closed","ping_status":"closed","template":"page-blank.php","meta":{"footnotes":""},"class_list":["post-107","page","type-page","status-publish","hentry"],"_links":{"self":[{"href":"https:\/\/smile-rks.com\/sr\/wp-json\/wp\/v2\/pages\/107","targetHints":{"allow":["GET"]}}],"collection":[{"href":"https:\/\/smile-rks.com\/sr\/wp-json\/wp\/v2\/pages"}],"about":[{"href":"https:\/\/smile-rks.com\/sr\/wp-json\/wp\/v2\/types\/page"}],"author":[{"embeddable":true,"href":"https:\/\/smile-rks.com\/sr\/wp-json\/wp\/v2\/users\/1"}],"replies":[{"embeddable":true,"href":"https:\/\/smile-rks.com\/sr\/wp-json\/wp\/v2\/comments?post=107"}],"version-history":[{"count":0,"href":"https:\/\/smile-rks.com\/sr\/wp-json\/wp\/v2\/pages\/107\/revisions"}],"wp:attachment":[{"href":"https:\/\/smile-rks.com\/sr\/wp-json\/wp\/v2\/media?parent=107"}],"curies":[{"name":"wp","href":"https:\/\/api.w.org\/{rel}","templated":true}]}}