{"id":102,"date":"2023-10-11T15:01:38","date_gmt":"2023-10-11T15:01:38","guid":{"rendered":"https:\/\/smile-rks.com\/?page_id=102"},"modified":"2023-12-21T17:30:10","modified_gmt":"2023-12-21T17:30:10","slug":"sherbimet","status":"publish","type":"page","link":"https:\/\/smile-rks.com\/sr\/sherbimet\/","title":{"rendered":"Usluge"},"content":{"rendered":"<section class=\"section\" id=\"section_410608547\">\n\t\t<div class=\"section-bg fill\" >\n\t\t\t\t\t\t\t\t\t\n\t\t\t\n\n\t\t<\/div>\n\n\t\t\n\n\t\t<div class=\"section-content relative\">\n\t\t\t\n\n<div class=\"row\" style=\"max-width:1300px\" id=\"row-1819256957\">\n\n\n\t<div id=\"col-202324048\" class=\"col small-12 large-12\"  >\n\t\t\t\t<div class=\"col-inner\"  >\n\t\t\t\n\t\t\t\n\n\t<div id=\"gap-1269625878\" class=\"gap-element clearfix\" style=\"display:block; height:auto;\">\n\t\t\n<style>\n#gap-1269625878 {\n  padding-top: 30px;\n}\n<\/style>\n\t<\/div>\n\t\n\n\n  <div class=\"banner has-hover\" id=\"banner-1828949495\">\n          <div class=\"banner-inner fill\">\n        <div class=\"banner-bg fill\" >\n            <img loading=\"lazy\" decoding=\"async\" width=\"2493\" height=\"1662\" src=\"https:\/\/smile-rks.com\/wp-content\/uploads\/2023\/12\/happy-old-woman-nursing-home-sitting-couch-talking-with-her-caretaker-retired-woman-with-crutches.webp\" class=\"bg attachment-original size-original\" alt=\"\" \/>                                    \n                    <\/div>\n\t\t\n        <div class=\"banner-layers container\">\n            <div class=\"fill banner-link\"><\/div>            \n\n   <div id=\"text-box-1751528395\" class=\"text-box banner-layer x50 md-x50 lg-x50 y50 md-y50 lg-y50 res-text\">\n                                <div class=\"text-box-content text dark\">\n              \n              <div class=\"text-inner text-center\">\n                  \n\n\n              <\/div>\n           <\/div>\n                            \n<style>\n#text-box-1751528395 {\n  width: 60%;\n}\n#text-box-1751528395 .text-box-content {\n  font-size: 100%;\n}\n<\/style>\n    <\/div>\n \n\n        <\/div>\n      <\/div>\n\n            \n<style>\n#banner-1828949495 {\n  padding-top: 164px;\n  background-color: rgb(249, 245, 242);\n}\n#banner-1828949495 .banner-bg img {\n  object-position: 0% 34%;\n}\n@media (min-width:550px) {\n  #banner-1828949495 {\n    padding-top: 381px;\n  }\n}\n<\/style>\n  <\/div>\n\n\n\n\t\t<\/div>\n\t\t\t\t\t<\/div>\n\n\t\n\n<\/div>\n\n\t\t<\/div>\n\n\t\t\n<style>\n#section_410608547 {\n  padding-top: 0px;\n  padding-bottom: 0px;\n  background-color: rgb(249, 245, 242);\n}\n<\/style>\n\t<\/section>\n\t\n\n\t<section class=\"section\" id=\"section_62931217\">\n\t\t<div class=\"section-bg fill\" >\n\t\t\t\t\t\t\t\t\t\n\t\t\t\n\n\t\t<\/div>\n\n\t\t\n\n\t\t<div class=\"section-content relative\">\n\t\t\t\n\n<div class=\"row row-collapse\"  id=\"row-247143873\">\n\n\n\t<div id=\"col-1346192869\" class=\"col medium-6 small-12 large-6\"  >\n\t\t\t\t<div class=\"col-inner\" style=\"background-color:rgb(255, 255, 255);\" >\n\t\t\t\n\t\t\t\n\n<h2 class=\"translation-block\">Ku\u0107na nega za starija lica<\/h2>\n\n\t\t<\/div>\n\t\t\t\t\n<style>\n#col-1346192869 > .col-inner {\n  padding: 30px 30px 15px 30px;\n  margin: -24px 0px 0px 0px;\n  border-radius: 7px;\n}\n@media (min-width:550px) {\n  #col-1346192869 > .col-inner {\n    margin: -72px 0px 0px 0px;\n  }\n}\n<\/style>\n\t<\/div>\n\n\t\n\n<\/div>\n\n\t\t<\/div>\n\n\t\t\n<style>\n#section_62931217 {\n  padding-top: 0px;\n  padding-bottom: 0px;\n}\n<\/style>\n\t<\/section>\n\t\n\t<div id=\"gap-1478844989\" class=\"gap-element clearfix\" style=\"display:block; height:auto;\">\n\t\t\n<style>\n#gap-1478844989 {\n  padding-top: 30px;\n}\n<\/style>\n\t<\/div>\n\t\n\n\n\t<section class=\"section\" id=\"section_79949652\">\n\t\t<div class=\"section-bg fill\" >\n\t\t\t\t\t\t\t\t\t\n\t\t\t\n\n\t\t<\/div>\n\n\t\t\n\n\t\t<div class=\"section-content relative\">\n\t\t\t\n\n<div class=\"row\"  id=\"row-341666478\">\n\n\n\t<div id=\"col-967190318\" class=\"col medium-6 small-12 large-6\"  >\n\t\t\t\t<div class=\"col-inner\"  >\n\t\t\t\n\t\t\t\n\n<ul>\n<li class=\"bullet-arrow\">Nega nepokretnih lica<\/li>\n<li class=\"bullet-arrow\">Pomo\u0107 u odr\u017eavanju li\u010dne higijene<span style=\"font-size: 85%;\"> <br \/><span style=\"font-size: 85%;\">(promena pelena za odrasle i pranje u kupatilu ili krevetu)<\/span><\/span><\/li>\n<li class=\"bullet-arrow\">Pomo\u0107 pri kretanju i upotrebi ortopedskih pomagala<\/li>\n<li class=\"bullet-arrow\">Briga o licima sa demencijom<\/li>\n<li class=\"bullet-arrow\">Provera, snabdevanje i staranje o redovnom uzimanju lekova<\/li>\n<\/ul>\n\n\t\t<\/div>\n\t\t\t\t\t<\/div>\n\n\t\n\n\t<div id=\"col-1300945416\" class=\"col medium-6 small-12 large-6\"  >\n\t\t\t\t<div class=\"col-inner\"  >\n\t\t\t\n\t\t\t\n\n<ul>\n<li class=\"bullet-arrow\">Medicinski prevoz i pratnja medicinskih sestara<\/li>\n<li class=\"bullet-arrow\">Palijativna nega<\/li>\n<li class=\"bullet-arrow\">Nabavka ku\u0107nih potrep\u0161tina <br \/><span style=\"font-size: 75%;\">(pomo\u0107 pri kupovini ku\u0107nih potrep\u0161tina)<\/span><\/li>\n<li class=\"bullet-arrow\">Obavljanje ku\u0107nih poslova: <span style=\"font-size: 75%;\">(pranje, peglanje, pranje sudova...)<\/span><\/li>\n<li class=\"bullet-arrow\">Odr\u017eavanje higijene u stambenoj sredini<\/li>\n<\/ul>\n\n\t\t<\/div>\n\t\t\t\t\t<\/div>\n\n\t\n\n<\/div>\n\n\t\t<\/div>\n\n\t\t\n<style>\n#section_79949652 {\n  padding-top: 0px;\n  padding-bottom: 0px;\n}\n@media (min-width:550px) {\n  #section_79949652 {\n    padding-top: 0px;\n    padding-bottom: 0px;\n  }\n}\n<\/style>\n\t<\/section>\n\t\n\t<div id=\"gap-1830110339\" class=\"gap-element clearfix\" style=\"display:block; height:auto;\">\n\t\t\n<style>\n#gap-1830110339 {\n  padding-top: 30px;\n}\n<\/style>\n\t<\/div>\n\t\n\n\n\t<section class=\"section\" id=\"section_300887841\">\n\t\t<div class=\"section-bg fill\" >\n\t\t\t<img decoding=\"async\" src=\"https:\/\/smile-rks.com\/wp-content\/uploads\/2023\/11\/Rect-Light-1.svg\" class=\"bg attachment- size-\" alt=\"\" \/>\t\t\t\t\t\t\n\t\t\t\n\n\t\t<\/div>\n\n\t\t\n\n\t\t<div class=\"section-content relative\">\n\t\t\t\n\n<div class=\"row align-middle\"  id=\"row-1676092140\">\n\n\n\t<div id=\"col-2024992847\" class=\"col medium-6 small-12 large-6\"  >\n\t\t\t\t<div class=\"col-inner\"  >\n\t\t\t\n\t\t\t\n\n\t<div id=\"gap-537145869\" class=\"gap-element clearfix show-for-small\" style=\"display:block; height:auto;\">\n\t\t\n<style>\n#gap-537145869 {\n  padding-top: 41px;\n}\n@media (min-width:550px) {\n  #gap-537145869 {\n    padding-top: 30px;\n  }\n}\n<\/style>\n\t<\/div>\n\t\n\n<span class=\"scroll-to\" data-label=\"Scroll to: #sherbimetmjekesore\" data-bullet=\"false\" data-link=\"#sherbimetmjekesore\" data-title=\"sherbimet mjekesore\" ><a name=\"sherbimetmjekesore\"><\/a><\/span>\n\n\n  <div class=\"banner has-hover\" id=\"banner-1833573794\">\n          <div class=\"banner-inner fill\">\n        <div class=\"banner-bg fill\" >\n            <img loading=\"lazy\" decoding=\"async\" width=\"1020\" height=\"680\" src=\"https:\/\/smile-rks.com\/wp-content\/uploads\/2023\/11\/Services-BG-Smile-Home-Care-1024x683.webp\" class=\"bg attachment-large size-large\" alt=\"\" \/>                                    \n                    <\/div>\n\t\t\n        <div class=\"banner-layers container\">\n            <div class=\"fill banner-link\"><\/div>            \n\n   <div id=\"text-box-1750205791\" class=\"text-box banner-layer x50 md-x50 lg-x50 y50 md-y50 lg-y50 res-text\">\n                                <div class=\"text-box-content text dark\">\n              \n              <div class=\"text-inner text-center\">\n                  \n\n\n              <\/div>\n           <\/div>\n                            \n<style>\n#text-box-1750205791 {\n  width: 60%;\n}\n#text-box-1750205791 .text-box-content {\n  font-size: 100%;\n}\n<\/style>\n    <\/div>\n \n\n        <\/div>\n      <\/div>\n\n            \n<style>\n#banner-1833573794 {\n  padding-top: 218px;\n  background-color: #f9f5f2;\n}\n#banner-1833573794 .banner-bg img {\n  object-position: 36% 0%;\n}\n<\/style>\n  <\/div>\n\n\n<div class=\"row row-collapse\"  id=\"row-1869363835\">\n\n\n\t<div id=\"col-965201726\" class=\"col small-12 large-12\"  >\n\t\t\t\t<div class=\"col-inner\"  >\n\t\t\t\n\t\t\t\n\n\t<div id=\"text-3064430118\" class=\"text\">\n\t\t\n\n<h2>Zdravstvene usluge:<\/h2>\n\t\t\n<style>\n#text-3064430118 {\n  text-align: left;\n}\n@media (min-width:550px) {\n  #text-3064430118 {\n    text-align: left;\n  }\n}\n<\/style>\n\t<\/div>\n\t\n<ul>\n<li class=\"bullet-checkmark\">Davanje terapije i medicinskih tretmana <br \/><span style=\"font-size: 75%;\">Davanje intravenske, intramuskularne, oralne terapije, \u010di\u0161\u0107enje rana, previjanje, kateterizacija pacijenata, inhalacije, skidanje konaca itd.<\/span><\/li>\n<li class=\"bullet-checkmark\">Nadzor i pratnja tokom lekarskih poseta<br \/><span style=\"font-size: 75%;\">upu\u0107ivanje pacijenta u bolnicu na zahtev pacijenta, njegovo pra\u0107enje tokom poseta i vra\u0107anje ku\u0107i.<\/span><\/li>\n<li class=\"bullet-checkmark\">EKG<\/li>\n<li class=\"bullet-checkmark\">Merenje glukoze (\u0161e\u0107era).<\/li>\n<li class=\"bullet-checkmark\">Merenje glukoze (\u0161e\u0107era).<\/li>\n<li class=\"bullet-checkmark\">Infuzije<\/li>\n<li class=\"bullet-checkmark\">Injekcije<\/li>\n<li class=\"bullet-checkmark\">Regulisanje lekova<\/li>\n<li class=\"bullet-checkmark\">Procena svakodnevnih \u017eivotnih aktivnosti<\/li>\n<\/ul>\n\n\t\t<\/div>\n\t\t\t\t\n<style>\n#col-965201726 > .col-inner {\n  padding: 30px 0px 0px 0px;\n  border-radius: 8px;\n}\n<\/style>\n\t<\/div>\n\n\t\n\n\n<style>\n#row-1869363835 > .col > .col-inner {\n  padding: 10px 22px 10px 30px;\n  background-color: rgb(255, 255, 255);\n}\n@media (min-width:550px) {\n  #row-1869363835 > .col > .col-inner {\n    padding: 30px 30px 10px 30px;\n  }\n}\n<\/style>\n<\/div>\n\n\t\t<\/div>\n\t\t\t\t\n<style>\n#col-2024992847 > .col-inner {\n  padding: 0px 0px 0px 0px;\n}\n@media (min-width:550px) {\n  #col-2024992847 > .col-inner {\n    padding: 0px 30px 0px 30px;\n  }\n}\n<\/style>\n\t<\/div>\n\n\t\n\n\t<div id=\"col-2066843720\" class=\"col medium-6 small-12 large-6\"  >\n\t\t\t\t<div class=\"col-inner\"  >\n\t\t\t\n\t\t\t\n\n<span class=\"scroll-to\" data-label=\"Scroll to: #vizitamjekut\" data-bullet=\"false\" data-link=\"#vizitamjekut\" data-title=\"vizitamjekut\" ><a name=\"vizitamjekut\"><\/a><\/span>\n\n\t<div id=\"text-7175890\" class=\"text\">\n\t\t\n\n<h2>Poseta lekara<\/h2>\n\t\t\n<style>\n#text-7175890 {\n  text-align: left;\n}\n<\/style>\n\t<\/div>\n\t\n<div class=\"is-divider divider clearfix\" style=\"max-width:100%;height:2px;\"><\/div>\n\n\t<div id=\"text-887912120\" class=\"text\">\n\t\t\n\n<ul>\n<li class=\"bullet-checkmark\">Poseta lekara<\/li>\n<li class=\"bullet-checkmark\">Zdravstveni saveti<\/li>\n<li class=\"bullet-checkmark\">Saveti za ishranu<\/li>\n<li class=\"bullet-checkmark\">Le\u010denje bolesti:<\/li>\n<\/ul>\n<p><span style=\"font-size: 80%;\">Respiratorni sistem - faringitis, tonzilitis, bronhitis, pneumonije itd.<\/span><\/p>\n<p><span style=\"font-size: 80%;\">Kardiovaskulari sistem - arterijska hipertenzija, kardiomiopatija itd.<\/span><\/p>\n<p><span style=\"font-size: 80%;\">Gastrointestinalni sistem - gastritis, enterokolitis, dijareja, konstipacija, holecistitis itd.<\/span><\/p>\n<p><span style=\"font-size: 80%;\">Urogenitalni sistem \u2013 infekcije urogenitalnog trakta, cistitis, pijelonefritis, nefrolitijaza itd.<\/span><\/p>\n<p><span style=\"font-size: 80%;\">Nervni sistem - Stanje nakon IV, neuroze, epilepsije itd.<\/span><\/p>\n<p><span style=\"font-size: 80%;\">Endokrini sistem - dijabetes melitus tipa 1 i tipa 2, bolesti \u0161titne \u017elezde itd.<\/span><\/p>\n<p><span style=\"font-size: 80%;\">Lokomotorni sistem - bolovi u mi\u0161i\u0107ima, zglobovima itd.<\/span><\/p>\n<p><span style=\"font-size: 80%;\">Zarazne bolesti - grip, infekcije digestivnog trakta, trovanje hranom, ko\u017ene infekcije itd.<\/span><\/p>\n\t\t\n<style>\n#text-887912120 {\n  font-size: 1rem;\n  text-align: left;\n}\n<\/style>\n\t<\/div>\n\t\n\n\t\t<\/div>\n\t\t\t\t\t<\/div>\n\n\t\n\n<\/div>\n\n\t\t<\/div>\n\n\t\t\n<style>\n#section_300887841 {\n  padding-top: 30px;\n  padding-bottom: 30px;\n  background-color: rgb(249, 245, 242);\n}\n@media (min-width:550px) {\n  #section_300887841 {\n    padding-top: 90px;\n    padding-bottom: 90px;\n  }\n}\n<\/style>\n\t<\/section>\n\t\n<span class=\"scroll-to\" data-label=\"Scroll to: #sherbimet-tjera\" data-bullet=\"false\" data-link=\"#sherbimet-tjera\" data-title=\"Sherbimettjera\" ><a name=\"sherbimet-tjera\"><\/a><\/span>\n\n\n\n\n\t<section class=\"section\" id=\"section_38556895\">\n\t\t<div class=\"section-bg fill\" >\n\t\t\t\t\t\t\t\t\t\n\t\t\t\n\n\t\t<\/div>\n\n\t\t\n\n\t\t<div class=\"section-content relative\">\n\t\t\t\n\n<div class=\"row align-bottom\"  id=\"row-2016678224\">\n\n\n\t<div id=\"col-2025107184\" class=\"col medium-6 small-12 large-6\"  >\n\t\t\t\t<div class=\"col-inner\"  >\n\t\t\t\n\t\t\t\n\n<h2>Druge usluge:<\/h2>\n<div class=\"is-divider divider clearfix\" style=\"max-width:100%;height:2px;\"><\/div>\n\n\t<div id=\"text-148600457\" class=\"text\">\n\t\t\n\n<ul>\n<li class=\"bullet-arrow\">Dnevna pomo\u0107\u00a0<br \/><span style=\"font-size: 75%;\">Dnevna pomo\u0107 za obavljanje ku\u0107nih poslova za starija lica kao \u0161to su: kupovina stvari, lekova, pratnja tokom dana itd.<\/span><\/li>\n<li class=\"bullet-arrow\">Li\u010dna nega (odr\u017eavanje higijene)\u00a0 <br \/><span style=\"font-size: 75%;\">Uklju\u010duje pomo\u0107 u brizi o zdravlju tela i dobrobiti \u010doveka kroz \u010disto\u0107u (pranje, menjanje pelena za odrasle, ode\u0107u itd.).<\/span><\/li>\n<\/ul>\n\t\t\n<style>\n#text-148600457 {\n  font-size: 1rem;\n  text-align: left;\n}\n<\/style>\n\t<\/div>\n\t\n\n\t\t<\/div>\n\t\t\t\t\t<\/div>\n\n\t\n\n\t<div id=\"col-1436984989\" class=\"col medium-6 small-12 large-6\"  >\n\t\t\t\t<div class=\"col-inner\"  >\n\t\t\t\n\t\t\t\n\n\t<div id=\"text-2970039254\" class=\"text\">\n\t\t\n\n<ul>\n<li class=\"bullet-arrow\">Pomo\u0107 u ku\u0107nim poslovima <br \/><span style=\"font-size: 75%;\">Generalno \u010di\u0161\u0107enje ku\u0107e.<\/span><\/li>\n<li class=\"bullet-arrow\">Priprema hrane <br \/><span style=\"font-size: 75%;\">Sa mogu\u0107nostima kao \u0161to su: priprema kod ku\u0107e ili gotova jela.<\/span><\/li>\n<li class=\"bullet-arrow\">Ve\u0161erajski poslovi - <span style=\"font-size: 75%;\">Pranje, su\u0161enje i peglanje.<\/span><\/li>\n<li class=\"bullet-arrow\">Dadilje (bebisiterka) \u2013 <span style=\"font-size: 75%;\">Briga o deci u slu\u010daju bilo kakvog doga\u0111aja, zabave itd.<\/span><\/li>\n<\/ul>\n\t\t\n<style>\n#text-2970039254 {\n  font-size: 1rem;\n  text-align: left;\n}\n<\/style>\n\t<\/div>\n\t\n\n\t\t<\/div>\n\t\t\t\t\t<\/div>\n\n\t\n\n<\/div>\n<div class=\"row align-middle\"  id=\"row-165349033\">\n\n\n\t<div id=\"col-670400829\" class=\"col medium-8 small-12 large-8\"  >\n\t\t\t\t<div class=\"col-inner\"  >\n\t\t\t\n\t\t\t\n\n\t<div id=\"gap-2021270223\" class=\"gap-element clearfix show-for-small\" style=\"display:block; height:auto;\">\n\t\t\n<style>\n#gap-2021270223 {\n  padding-top: 41px;\n}\n@media (min-width:550px) {\n  #gap-2021270223 {\n    padding-top: 30px;\n  }\n}\n<\/style>\n\t<\/div>\n\t\n\n\n\t\t<\/div>\n\t\t\t\t\n<style>\n#col-670400829 > .col-inner {\n  padding: 0px 0px 0px 0px;\n}\n@media (min-width:550px) {\n  #col-670400829 > .col-inner {\n    padding: 0px 30px 0px 30px;\n  }\n}\n<\/style>\n\t<\/div>\n\n\t\n\n<\/div>\n\n\t\t<\/div>\n\n\t\t\n<style>\n#section_38556895 {\n  padding-top: 30px;\n  padding-bottom: 30px;\n}\n@media (min-width:550px) {\n  #section_38556895 {\n    padding-top: 90px;\n    padding-bottom: 90px;\n  }\n}\n<\/style>\n\t<\/section>","protected":false},"excerpt":{"rendered":"","protected":false},"author":1,"featured_media":0,"parent":0,"menu_order":0,"comment_status":"closed","ping_status":"closed","template":"page-blank.php","meta":{"footnotes":""},"class_list":["post-102","page","type-page","status-publish","hentry"],"_links":{"self":[{"href":"https:\/\/smile-rks.com\/sr\/wp-json\/wp\/v2\/pages\/102","targetHints":{"allow":["GET"]}}],"collection":[{"href":"https:\/\/smile-rks.com\/sr\/wp-json\/wp\/v2\/pages"}],"about":[{"href":"https:\/\/smile-rks.com\/sr\/wp-json\/wp\/v2\/types\/page"}],"author":[{"embeddable":true,"href":"https:\/\/smile-rks.com\/sr\/wp-json\/wp\/v2\/users\/1"}],"replies":[{"embeddable":true,"href":"https:\/\/smile-rks.com\/sr\/wp-json\/wp\/v2\/comments?post=102"}],"version-history":[{"count":0,"href":"https:\/\/smile-rks.com\/sr\/wp-json\/wp\/v2\/pages\/102\/revisions"}],"wp:attachment":[{"href":"https:\/\/smile-rks.com\/sr\/wp-json\/wp\/v2\/media?parent=102"}],"curies":[{"name":"wp","href":"https:\/\/api.w.org\/{rel}","templated":true}]}}