{"id":543,"date":"2023-11-28T20:30:05","date_gmt":"2023-11-28T20:30:05","guid":{"rendered":"https:\/\/smile-rks.com\/?page_id=543"},"modified":"2023-11-28T23:07:27","modified_gmt":"2023-11-28T23:07:27","slug":"fizioterapi","status":"publish","type":"page","link":"https:\/\/smile-rks.com\/de\/fizioterapi\/","title":{"rendered":"Physiotherapeutische Betreuung"},"content":{"rendered":"<section class=\"section\" id=\"section_1414579013\">\n\t\t<div class=\"section-bg fill\" >\n\t\t\t\t\t\t\t\t\t\n\t\t\t\n\n\t\t<\/div>\n\n\t\t\n\n\t\t<div class=\"section-content relative\">\n\t\t\t\n\n<div class=\"row\" style=\"max-width:1300px\" id=\"row-1895613183\">\n\n\n\t<div id=\"col-459254947\" class=\"col small-12 large-12\"  >\n\t\t\t\t<div class=\"col-inner\"  >\n\t\t\t\n\t\t\t\n\n\t<div id=\"gap-681715353\" class=\"gap-element clearfix\" style=\"display:block; height:auto;\">\n\t\t\n<style>\n#gap-681715353 {\n  padding-top: 30px;\n}\n<\/style>\n\t<\/div>\n\t\n\n\n  <div class=\"banner has-hover\" id=\"banner-1394786364\">\n          <div class=\"banner-inner fill\">\n        <div class=\"banner-bg fill\" >\n            <img loading=\"lazy\" decoding=\"async\" width=\"1000\" height=\"667\" src=\"https:\/\/smile-rks.com\/wp-content\/uploads\/2023\/11\/female-nurse-doing-physiotherapy-with-senior-man-nursing-home-using-dumbbells-1.jpg\" class=\"bg attachment-original size-original\" alt=\"\" \/>                                    \n                    <\/div>\n\t\t\n        <div class=\"banner-layers container\">\n            <div class=\"fill banner-link\"><\/div>            \n\n   <div id=\"text-box-1159575375\" class=\"text-box banner-layer x50 md-x50 lg-x50 y50 md-y50 lg-y50 res-text\">\n                                <div class=\"text-box-content text dark\">\n              \n              <div class=\"text-inner text-center\">\n                  \n\n\n              <\/div>\n           <\/div>\n                            \n<style>\n#text-box-1159575375 {\n  width: 60%;\n}\n#text-box-1159575375 .text-box-content {\n  font-size: 100%;\n}\n<\/style>\n    <\/div>\n \n\n        <\/div>\n      <\/div>\n\n            \n<style>\n#banner-1394786364 {\n  padding-top: 381px;\n  background-color: rgb(249, 245, 242);\n}\n#banner-1394786364 .banner-bg img {\n  object-position: 2% 60%;\n}\n<\/style>\n  <\/div>\n\n\n\n\t\t<\/div>\n\t\t\t\t\t<\/div>\n\n\t\n\n<\/div>\n\n\t\t<\/div>\n\n\t\t\n<style>\n#section_1414579013 {\n  padding-top: 0px;\n  padding-bottom: 0px;\n  background-color: rgb(249, 245, 242);\n}\n<\/style>\n\t<\/section>\n\t\n\n\t<section class=\"section\" id=\"section_775784614\">\n\t\t<div class=\"section-bg fill\" >\n\t\t\t\t\t\t\t\t\t\n\t\t\t\n\n\t\t<\/div>\n\n\t\t\n\n\t\t<div class=\"section-content relative\">\n\t\t\t\n\n<div class=\"row\"  id=\"row-1714030804\">\n\n\n\t<div id=\"col-172221456\" class=\"col medium-6 small-12 large-6\"  >\n\t\t\t\t<div class=\"col-inner\" style=\"background-color:rgb(255, 255, 255);\" >\n\t\t\t\n\t\t\t\n\n<h2 class=\"thin-font\"><strong>Physiotherapeutische Betreuung <\/strong>(Programmplan)<\/h2>\n\n\t\t<\/div>\n\t\t\t\t\n<style>\n#col-172221456 > .col-inner {\n  padding: 30px 30px 15px 30px;\n  margin: -42px 0px 0px 0px;\n  border-radius: 7px;\n}\n@media (min-width:550px) {\n  #col-172221456 > .col-inner {\n    margin: -72px 0px 0px 0px;\n  }\n}\n<\/style>\n\t<\/div>\n\n\t\n\n<\/div>\n\n\t\t<\/div>\n\n\t\t\n<style>\n#section_775784614 {\n  padding-top: 0px;\n  padding-bottom: 0px;\n}\n<\/style>\n\t<\/section>\n\t\n\n\t<section class=\"section\" id=\"section_1850405248\">\n\t\t<div class=\"section-bg fill\" >\n\t\t\t\t\t\t\t\t\t\n\t\t\t\n\n\t\t<\/div>\n\n\t\t\n\n\t\t<div class=\"section-content relative\">\n\t\t\t\n\n<div class=\"row\"  id=\"row-2064498754\">\n\n\n\t<div id=\"col-1447836800\" class=\"col medium-8 small-12 large-8\"  >\n\t\t\t\t<div class=\"col-inner\"  >\n\t\t\t\n\t\t\t\n\n<ul>\n<li class=\"bullet-arrow\"><strong>Elektrotherapie<\/strong>\n<p>Dies kann helfen, Schmerzen zu lindern, die Gewebeheilung anzuregen und die Muskeln zu st\u00e4rken.<\/p>\n<\/li>\n<li class=\"bullet-arrow\"><strong>Einfache Massage<\/strong>\n<p>Diese Art der Massage hilft, Stress abzubauen, zu entspannen und die Durchblutung zu steigern.<\/p>\n<\/li>\n<li class=\"bullet-arrow\"><strong>Lymphdrainage<\/strong>\n<p>Die Lymphdrainage-Massage, auch manuelle Lymphdrainage genannt, lindert Schwellungen, die \nauftreten, wenn eine medizinische Behandlung oder eine Krankheit Ihr Lymphsystem blockiert.<\/p>\n<\/li>\n<li class=\"bullet-arrow\"><strong>Kinesiotherapie<\/strong>\n<p>Bei der Kinesiotherapie handelt es sich um auf K\u00f6rperbewegungen basierende Rehabilitationstechniken zur Behandlung k\u00f6rperlicher Beschwerden. Dabei kommt es h\u00e4ufig zu Dehnungen von Muskeln, Sehnen und B\u00e4ndern.<\/p>\n<\/li>\n<li class=\"bullet-arrow\"><strong>Manuelle Therapie<\/strong>\n<p>Diese Techniken k\u00f6nnen verwendet werden, um den Bewegungsumfang und die Ausrichtung des Gewebes zu verbessern, Weichteile und Gelenke zu mobilisieren oder zu manipulieren und Schmerzen zu kontrollieren.<\/p>\n<\/li>\n<li class=\"bullet-arrow\"><strong>Thermotherapie<\/strong>\n<p>Sein Hauptzweck besteht darin, anhaltende Schmerzen zu lindern, die mit Muskelsteifheit, Empfindlichkeit und Kr\u00e4mpfen einhergehen.<\/p>\n<\/li>\n<\/ul>\n\n\t\t<\/div>\n\t\t\t\t\n<style>\n#col-1447836800 > .col-inner {\n  padding: 0px 0px 0px 0px;\n}\n@media (min-width:550px) {\n  #col-1447836800 > .col-inner {\n    padding: 0px 0px 0px 30px;\n  }\n}\n<\/style>\n\t<\/div>\n\n\t\n\n\t<div id=\"col-687785276\" class=\"col medium-4 small-12 large-4\"  >\n\t\t\t\t<div class=\"col-inner\"  >\n\t\t\t\n\t\t\t\n\n\t<div class=\"img has-hover x md-x lg-x y md-y lg-y\" id=\"image_1856009755\">\n\t\t\t\t\t\t\t\t<div class=\"img-inner image-cover dark\" style=\"padding-top:65%;\">\n\t\t\t<img loading=\"lazy\" decoding=\"async\" width=\"1000\" height=\"667\" src=\"https:\/\/smile-rks.com\/wp-content\/uploads\/2023\/11\/physiotherapist-helping-elderly-patient-with-hand-exercise-physiotherapy-clinic.jpg\" class=\"attachment-original size-original\" alt=\"\" srcset=\"https:\/\/smile-rks.com\/wp-content\/uploads\/2023\/11\/physiotherapist-helping-elderly-patient-with-hand-exercise-physiotherapy-clinic.jpg 1000w, https:\/\/smile-rks.com\/wp-content\/uploads\/2023\/11\/physiotherapist-helping-elderly-patient-with-hand-exercise-physiotherapy-clinic-300x200.jpg 300w, https:\/\/smile-rks.com\/wp-content\/uploads\/2023\/11\/physiotherapist-helping-elderly-patient-with-hand-exercise-physiotherapy-clinic-768x512.jpg 768w\" sizes=\"auto, (max-width: 1000px) 100vw, 1000px\" \/>\t\t\t\t\t\t\n\t\t\t\t\t<\/div>\n\t\t\t\t\t\t\t\t\n<style>\n#image_1856009755 {\n  width: 100%;\n}\n<\/style>\n\t<\/div>\n\t\n\n\n\t\t<\/div>\n\t\t\t\t\t<\/div>\n\n\t\n\n<\/div>\n\n\t\t<\/div>\n\n\t\t\n<style>\n#section_1850405248 {\n  padding-top: 0px;\n  padding-bottom: 0px;\n}\n<\/style>\n\t<\/section>","protected":false},"excerpt":{"rendered":"","protected":false},"author":1,"featured_media":0,"parent":0,"menu_order":0,"comment_status":"closed","ping_status":"closed","template":"page-blank.php","meta":{"footnotes":""},"class_list":["post-543","page","type-page","status-publish","hentry"],"_links":{"self":[{"href":"https:\/\/smile-rks.com\/de\/wp-json\/wp\/v2\/pages\/543","targetHints":{"allow":["GET"]}}],"collection":[{"href":"https:\/\/smile-rks.com\/de\/wp-json\/wp\/v2\/pages"}],"about":[{"href":"https:\/\/smile-rks.com\/de\/wp-json\/wp\/v2\/types\/page"}],"author":[{"embeddable":true,"href":"https:\/\/smile-rks.com\/de\/wp-json\/wp\/v2\/users\/1"}],"replies":[{"embeddable":true,"href":"https:\/\/smile-rks.com\/de\/wp-json\/wp\/v2\/comments?post=543"}],"version-history":[{"count":0,"href":"https:\/\/smile-rks.com\/de\/wp-json\/wp\/v2\/pages\/543\/revisions"}],"wp:attachment":[{"href":"https:\/\/smile-rks.com\/de\/wp-json\/wp\/v2\/media?parent=543"}],"curies":[{"name":"wp","href":"https:\/\/api.w.org\/{rel}","templated":true}]}}