{"id":471,"date":"2023-11-12T13:45:03","date_gmt":"2023-11-12T13:45:03","guid":{"rendered":"https:\/\/smile-rks.com\/?page_id=471"},"modified":"2023-11-12T14:06:15","modified_gmt":"2023-11-12T14:06:15","slug":"kujdes-24-oresh","status":"publish","type":"page","link":"https:\/\/smile-rks.com\/de\/kujdes-24-oresh\/","title":{"rendered":"Kujdes 24-or\u00ebsh"},"content":{"rendered":"<section class=\"section\" id=\"section_465287222\">\n\t\t<div class=\"section-bg fill\" >\n\t\t\t\t\t\t\t\t\t\n\t\t\t\n\n\t\t<\/div>\n\n\t\t\n\n\t\t<div class=\"section-content relative\">\n\t\t\t\n\n<div class=\"row\" style=\"max-width:1300px\" id=\"row-1723812036\">\n\n\n\t<div id=\"col-1041178080\" class=\"col small-12 large-12\"  >\n\t\t\t\t<div class=\"col-inner\"  >\n\t\t\t\n\t\t\t\n\n\t<div id=\"gap-1179470405\" class=\"gap-element clearfix\" style=\"display:block; height:auto;\">\n\t\t\n<style>\n#gap-1179470405 {\n  padding-top: 30px;\n}\n<\/style>\n\t<\/div>\n\t\n\n\n  <div class=\"banner has-hover\" id=\"banner-132006387\">\n          <div class=\"banner-inner fill\">\n        <div class=\"banner-bg fill\" >\n            <img loading=\"lazy\" decoding=\"async\" width=\"1600\" height=\"947\" src=\"https:\/\/smile-rks.com\/wp-content\/uploads\/2023\/11\/pflegehelden-24-stunden-pflege.webp\" class=\"bg attachment-original size-original\" alt=\"\" \/>                        <div class=\"overlay\"><\/div>            \n                    <\/div>\n\t\t\n        <div class=\"banner-layers container\">\n            <div class=\"fill banner-link\"><\/div>            \n\n   <div id=\"text-box-31779670\" class=\"text-box banner-layer x50 md-x50 lg-x50 y50 md-y50 lg-y50 res-text\">\n                                <div class=\"text-box-content text dark\">\n              \n              <div class=\"text-inner text-center\">\n                  \n\n\n              <\/div>\n           <\/div>\n                            \n<style>\n#text-box-31779670 {\n  width: 60%;\n}\n#text-box-31779670 .text-box-content {\n  font-size: 100%;\n}\n<\/style>\n    <\/div>\n \n\n        <\/div>\n      <\/div>\n\n            \n<style>\n#banner-132006387 {\n  padding-top: 207px;\n  background-color: rgb(249, 245, 242);\n}\n#banner-132006387 .overlay {\n  background-color: rgba(255, 255, 255, 0.163);\n}\n#banner-132006387 .banner-bg img {\n  object-position: 0% 42%;\n}\n@media (min-width:550px) {\n  #banner-132006387 {\n    padding-top: 381px;\n  }\n}\n<\/style>\n  <\/div>\n\n\n\n\t\t<\/div>\n\t\t\t\t\t<\/div>\n\n\t\n\n<\/div>\n\n\t\t<\/div>\n\n\t\t\n<style>\n#section_465287222 {\n  padding-top: 0px;\n  padding-bottom: 0px;\n  background-color: rgb(249, 245, 242);\n}\n<\/style>\n\t<\/section>\n\t\n\n\t<section class=\"section\" id=\"section_25851757\">\n\t\t<div class=\"section-bg fill\" >\n\t\t\t\t\t\t\t\t\t\n\t\t\t\n\n\t\t<\/div>\n\n\t\t\n\n\t\t<div class=\"section-content relative\">\n\t\t\t\n\n<div class=\"row\"  id=\"row-198012955\">\n\n\n\t<div id=\"col-234131731\" class=\"col medium-6 small-12 large-6\"  >\n\t\t\t\t<div class=\"col-inner\" style=\"background-color:rgb(255, 255, 255);\" >\n\t\t\t\n\t\t\t\n\n<h2>Kujdesi baz\u00eb n\u00eb \u201ckujdes 24-or\u00ebsh\u201d<\/h2>\n\n\t\t<\/div>\n\t\t\t\t\n<style>\n#col-234131731 > .col-inner {\n  padding: 30px 30px 15px 30px;\n  margin: -42px 0px 0px 0px;\n  border-radius: 7px;\n}\n@media (min-width:550px) {\n  #col-234131731 > .col-inner {\n    margin: -72px 0px 0px 0px;\n  }\n}\n<\/style>\n\t<\/div>\n\n\t\n\n<\/div>\n\n\t\t<\/div>\n\n\t\t\n<style>\n#section_25851757 {\n  padding-top: 0px;\n  padding-bottom: 0px;\n}\n<\/style>\n\t<\/section>\n\t\n\n\t<section class=\"section\" id=\"section_2138761748\">\n\t\t<div class=\"section-bg fill\" >\n\t\t\t\t\t\t\t\t\t\n\t\t\t\n\n\t\t<\/div>\n\n\t\t\n\n\t\t<div class=\"section-content relative\">\n\t\t\t\n\n<div class=\"row align-middle\"  id=\"row-2021784704\">\n\n\n\t<div id=\"col-916444261\" class=\"col medium-7 small-12 large-7\"  >\n\t\t\t\t<div class=\"col-inner\"  >\n\t\t\t\n\t\t\t\n\n<p>Veshja dhe higjiena e p\u00ebrditshme personale jan\u00eb ndonj\u00ebher\u00eb nj\u00eb sfid\u00eb e madhe p\u00ebr njer\u00ebzit q\u00eb kan\u00eb nevoj\u00eb p\u00ebr kujdes, e cila nuk mund t\u00eb kap\u00ebrcehet gjithmon\u00eb pa ndihm\u00ebn e jashtme. N\u00eb t\u00eb nj\u00ebjt\u00ebn koh\u00eb, kjo pjes\u00eb e dit\u00ebs merr shum\u00eb koh\u00eb q\u00eb t\u00eb af\u00ebrmit nuk mund ta p\u00ebrballojn\u00eb gjithmon\u00eb, ndaj pun\u00ebsohet nj\u00eb sh\u00ebrbim i kujdesit ambulator.<\/p>\n<p>Nj\u00eb infermiere e kualifikuar nuk \u00ebsht\u00eb e nevojshme p\u00ebr t\u00eb gjitha aktivitetet infermierore. Kujdesi baz\u00eb \u00ebsht\u00eb padyshim nj\u00eb detyr\u00eb q\u00eb mund t\u00eb marr\u00eb p\u00ebrsip\u00ebr edhe \u201cstafi infermieror 24-or\u00ebsh\u201d \u2013 me avantazhin se ka nj\u00eb kujdestar fiks dhe nuk ka staf q\u00eb ndryshon.<\/p>\n<p>Simpatia dhe besimi i nd\u00ebrsjell\u00eb zhvillohen shpejt, gj\u00eb q\u00eb b\u00ebn q\u00eb shqet\u00ebsimi fillestar kur ndihmon n\u00eb situata intime t\u00eb zhduket. Personi q\u00eb ka nevoj\u00eb p\u00ebr kujdes m\u00ebson t\u00eb mos e fsheh\u00eb m\u00eb gjendjen e tij, por t\u00eb pranohet n\u00eb nevoj\u00ebn e tij dhe ndjen nj\u00eb leht\u00ebsim t\u00eb konsideruesh\u00ebm psikologjik.<\/p>\n\n\t\t<\/div>\n\t\t\t\t\n<style>\n#col-916444261 > .col-inner {\n  padding: 0px 0px 0px 0px;\n}\n@media (min-width:550px) {\n  #col-916444261 > .col-inner {\n    padding: 0px 0px 0px 30px;\n  }\n}\n<\/style>\n\t<\/div>\n\n\t\n\n\t<div id=\"col-1989457824\" class=\"col medium-5 small-12 large-5\"  >\n\t\t\t\t<div class=\"col-inner\" style=\"background-color:#f9f5f2;\" >\n\t\t\t\n\t\t\t\n\n<h2>Detyrat themelore t\u00eb kujdesit me nj\u00eb shikim<\/h2>\n<ul>\n<li class=\"bullet-arrow\">Kujdesi personal (p.sh. larja\/dushi, kujdesi i l\u00ebkur\u00ebs, higjiena orale)<\/li>\n<li class=\"bullet-arrow\">Mb\u00ebshtetja me marrjen e ushqimit<\/li>\n<li class=\"bullet-arrow\">Ndihmoni me veshjen dhe zhveshjen<\/li>\n<li class=\"bullet-arrow\">Kujdesi p\u00ebr tualetin dhe mosmbajtjen<\/li>\n<li class=\"bullet-arrow\">Ndihmoni t\u00eb ngriheni dhe t\u00eb shkoni n\u00eb shtrat<\/li>\n<li class=\"bullet-arrow\">Kujdesi p\u00ebr njer\u00ebzit me demenc\u00eb<\/li>\n<\/ul>\n\n\t\t<\/div>\n\t\t\t\t\n<style>\n#col-1989457824 > .col-inner {\n  padding: 30px 30px 30px 30px;\n  border-radius: 7px;\n}\n<\/style>\n\t<\/div>\n\n\t\n\n<\/div>\n\n\t\t<\/div>\n\n\t\t\n<style>\n#section_2138761748 {\n  padding-top: 0px;\n  padding-bottom: 0px;\n}\n<\/style>\n\t<\/section>\n\t\n\n\t<section class=\"section\" id=\"section_2103510606\">\n\t\t<div class=\"section-bg fill\" >\n\t\t\t\t\t\t\t\t\t\n\t\t\t\n\n\t\t<\/div>\n\n\t\t\n\n\t\t<div class=\"section-content relative\">\n\t\t\t\n\n<div class=\"row align-middle align-center\"  id=\"row-1118721674\">\n\n\n\t<div id=\"col-2071317072\" class=\"col medium-11 small-12 large-11\"  >\n\t\t\t\t<div class=\"col-inner\"  >\n\t\t\t\n\t\t\t\n\n\t<div id=\"text-744016432\" class=\"text\">\n\t\t\n\n<h2>Orari i pun\u00ebs n\u00eb \u201cKujdes 24 or\u00ebsh\u201d<\/h2>\n\n\t\t\n<style>\n#text-744016432 {\n  text-align: center;\n}\n<\/style>\n\t<\/div>\n\t\n\t<div id=\"text-4145053993\" class=\"text\">\n\t\t\n\n<p>Termi &#8220;kujdes 24-or\u00ebsh&#8221; \u00ebsht\u00eb paksa &#8220;bujar&#8221;. Kjo nuk do t\u00eb thot\u00eb q\u00eb personeli infermieror kujdeset p\u00ebr personin q\u00eb ka nevoj\u00eb p\u00ebr kujdes gjat\u00eb gjith\u00eb koh\u00ebs &#8211; kjo nuk \u00ebsht\u00eb e mundur p\u00ebr shkak t\u00eb rregulloreve t\u00eb sh\u00ebndetit dhe siguris\u00eb n\u00eb pun\u00eb. Si rregull, vendoset nj\u00eb rutin\u00eb ditore me tre pjes\u00eb, e cila p\u00ebrb\u00ebhet nga or\u00ebt e pun\u00ebs, koha e gatishm\u00ebris\u00eb dhe koha e lir\u00eb, n\u00eb m\u00ebnyr\u00eb q\u00eb periudhat e pushimit t\u00eb vazhduesh\u00ebm t\u00eb garantohen dhe t\u00eb mos tejkalohet koha javore e pun\u00ebs prej 40 or\u00ebsh.<\/p>\n<p>N\u00ebse k\u00ebto k\u00ebrkesa \u00e7ojn\u00eb n\u00eb probleme p\u00ebr shkak t\u00eb boshll\u00ebqeve n\u00eb kujdes, ekzistojn\u00eb modele alternative p\u00ebr t\u00eb siguruar &#8220;kujdes 24-or\u00ebsh&#8221; aktual. P\u00ebr shembull, puna jasht\u00eb orarit gjat\u00eb kryerjes s\u00eb detyr\u00ebs p\u00ebrkat\u00ebse mund t\u00eb kompensohet me koh\u00ebn e lir\u00eb ose t\u00eb paguhet n\u00eb p\u00ebrputhje me rregulloret e aplikueshme t\u00eb pag\u00ebs minimale.<\/p>\n\t\t\n<style>\n#text-4145053993 {\n  text-align: center;\n}\n<\/style>\n\t<\/div>\n\t\n\n\t\t<\/div>\n\t\t\t\t\t<\/div>\n\n\t\n\n<\/div>\n\n\t\t<\/div>\n\n\t\t\n<style>\n#section_2103510606 {\n  padding-top: 90px;\n  padding-bottom: 90px;\n  background-color: #f9f5f2;\n}\n<\/style>\n\t<\/section>\n\t\n\n\t<section class=\"section\" id=\"section_1615810651\">\n\t\t<div class=\"section-bg fill\" >\n\t\t\t<img loading=\"lazy\" decoding=\"async\" width=\"2118\" height=\"844\" src=\"https:\/\/smile-rks.com\/wp-content\/uploads\/2023\/11\/nursing-bg.webp\" class=\"bg attachment- size-\" alt=\"\" \/>\t\t\t\t\t\t<div class=\"section-bg-overlay absolute fill\"><\/div>\n\t\t\t\n\n\t\t<\/div>\n\n\t\t\n\n\t\t<div class=\"section-content relative\">\n\t\t\t\n\n<div class=\"row align-middle\"  id=\"row-70124052\">\n\n\n\t<div id=\"col-250017000\" class=\"col medium-5 small-12 large-5\"  >\n\t\t\t\t<div class=\"col-inner\" style=\"background-color:#f9f5f2;\" >\n\t\t\t\n\t\t\t\n\n<h2>Sherbimet e infermierise!<\/h2>\n<ul>\n<li class=\"bullet-arrow\">Aplikimi dhe nd\u00ebrrimi i fashave<\/li>\n<li class=\"bullet-arrow\">Administrimi i injeksioneve ose medikamenteve<\/li>\n<li class=\"bullet-arrow\">Grumbullimi i gjakut<\/li>\n<li class=\"bullet-arrow\">aplikime t\u00eb thjeshta p\u00ebr ngrohje dhe drit\u00eb<\/li>\n<li class=\"bullet-arrow\">aktivitete mjek\u00ebsore me nj\u00eb profil t\u00eb ngjash\u00ebm k\u00ebrkesash<\/li>\n<\/ul>\n\n\t\t<\/div>\n\t\t\t\t\n<style>\n#col-250017000 > .col-inner {\n  padding: 30px 30px 30px 30px;\n  border-radius: 7px;\n}\n<\/style>\n\t<\/div>\n\n\t\n\n\t<div id=\"col-399984711\" class=\"col medium-7 small-12 large-7\"  >\n\t\t\t\t<div class=\"col-inner\"  >\n\t\t\t\n\t\t\t\n\n<p>N\u00ebse nj\u00eb person q\u00eb ka nevoj\u00eb p\u00ebr kujdes ka nevoj\u00eb p\u00ebr mb\u00ebshtetje n\u00eb nj\u00eb nga k\u00ebto fusha, atehere e kerkoni sherbimin e kujdesit ambulantor!<\/p>\n<p>Marrja e nj\u00eb s\u00ebr\u00eb detyrash nga kujdestari kontribuon n\u00eb nj\u00eb ulje t\u00eb dukshme t\u00eb barr\u00ebs p\u00ebr t\u00eb af\u00ebrmit q\u00eb kujdesen si dhe personin q\u00eb ka nevoj\u00eb p\u00ebr kujdes dhe jep nj\u00eb kontribut t\u00eb vlefsh\u00ebm p\u00ebr t\u00eb siguruar q\u00eb kujdestari t\u00eb ruaj\u00eb nj\u00eb maksimum pavar\u00ebsie dhe t\u00eb vazhdoj\u00eb t\u00eb ndihet. komode n\u00eb ambientin e sht\u00ebpis\u00eb.<\/p>\n\n\t\t<\/div>\n\t\t\t\t\n<style>\n#col-399984711 > .col-inner {\n  padding: 0px 0px 0px 0px;\n}\n@media (min-width:550px) {\n  #col-399984711 > .col-inner {\n    padding: 0px 0px 0px 30px;\n  }\n}\n<\/style>\n\t<\/div>\n\n\t\n\n<\/div>\n\n\t\t<\/div>\n\n\t\t\n<style>\n#section_1615810651 {\n  padding-top: 90px;\n  padding-bottom: 90px;\n}\n#section_1615810651 .section-bg-overlay {\n  background-color: rgba(255, 255, 255, 0.919);\n}\n<\/style>\n\t<\/section>","protected":false},"excerpt":{"rendered":"","protected":false},"author":1,"featured_media":0,"parent":0,"menu_order":0,"comment_status":"closed","ping_status":"closed","template":"page-blank.php","meta":{"footnotes":""},"class_list":["post-471","page","type-page","status-publish","hentry"],"_links":{"self":[{"href":"https:\/\/smile-rks.com\/de\/wp-json\/wp\/v2\/pages\/471","targetHints":{"allow":["GET"]}}],"collection":[{"href":"https:\/\/smile-rks.com\/de\/wp-json\/wp\/v2\/pages"}],"about":[{"href":"https:\/\/smile-rks.com\/de\/wp-json\/wp\/v2\/types\/page"}],"author":[{"embeddable":true,"href":"https:\/\/smile-rks.com\/de\/wp-json\/wp\/v2\/users\/1"}],"replies":[{"embeddable":true,"href":"https:\/\/smile-rks.com\/de\/wp-json\/wp\/v2\/comments?post=471"}],"version-history":[{"count":0,"href":"https:\/\/smile-rks.com\/de\/wp-json\/wp\/v2\/pages\/471\/revisions"}],"wp:attachment":[{"href":"https:\/\/smile-rks.com\/de\/wp-json\/wp\/v2\/media?parent=471"}],"curies":[{"name":"wp","href":"https:\/\/api.w.org\/{rel}","templated":true}]}}