{"id":428,"date":"2023-11-11T20:59:52","date_gmt":"2023-11-11T20:59:52","guid":{"rendered":"https:\/\/smile-rks.com\/?page_id=428"},"modified":"2023-11-16T22:54:06","modified_gmt":"2023-11-16T22:54:06","slug":"keshilla-per-kujdesin-dixhital","status":"publish","type":"page","link":"https:\/\/smile-rks.com\/de\/keshilla-per-kujdesin-dixhital\/","title":{"rendered":"Digitale Pflegeberatung"},"content":{"rendered":"<section class=\"section\" id=\"section_1828567145\">\n\t\t<div class=\"section-bg fill\" >\n\t\t\t\t\t\t\t\t\t\n\t\t\t\n\n\t\t<\/div>\n\n\t\t\n\n\t\t<div class=\"section-content relative\">\n\t\t\t\n\n<div class=\"row\" style=\"max-width:1300px\" id=\"row-92820436\">\n\n\n\t<div id=\"col-929719350\" class=\"col small-12 large-12\"  >\n\t\t\t\t<div class=\"col-inner\"  >\n\t\t\t\n\t\t\t\n\n\t<div id=\"gap-1340739138\" class=\"gap-element clearfix\" style=\"display:block; height:auto;\">\n\t\t\n<style>\n#gap-1340739138 {\n  padding-top: 30px;\n}\n<\/style>\n\t<\/div>\n\t\n\n\n  <div class=\"banner has-hover\" id=\"banner-1750750066\">\n          <div class=\"banner-inner fill\">\n        <div class=\"banner-bg fill\" >\n            <img loading=\"lazy\" decoding=\"async\" width=\"996\" height=\"664\" src=\"https:\/\/smile-rks.com\/wp-content\/uploads\/2023\/11\/senior-couple-using-tablet_23-2148014583.jpg\" class=\"bg attachment-original size-original\" alt=\"\" \/>                        <div class=\"overlay\"><\/div>            \n                    <\/div>\n\t\t\n        <div class=\"banner-layers container\">\n            <div class=\"fill banner-link\"><\/div>            \n\n   <div id=\"text-box-1068006285\" class=\"text-box banner-layer x50 md-x50 lg-x50 y50 md-y50 lg-y50 res-text\">\n                                <div class=\"text-box-content text dark\">\n              \n              <div class=\"text-inner text-center\">\n                  \n\n\n              <\/div>\n           <\/div>\n                            \n<style>\n#text-box-1068006285 {\n  width: 60%;\n}\n#text-box-1068006285 .text-box-content {\n  font-size: 100%;\n}\n<\/style>\n    <\/div>\n \n\n        <\/div>\n      <\/div>\n\n            \n<style>\n#banner-1750750066 {\n  padding-top: 207px;\n  background-color: rgb(249, 245, 242);\n}\n#banner-1750750066 .overlay {\n  background-color: rgba(255, 255, 255, 0.163);\n}\n#banner-1750750066 .banner-bg img {\n  object-position: 0% 42%;\n}\n@media (min-width:550px) {\n  #banner-1750750066 {\n    padding-top: 381px;\n  }\n}\n<\/style>\n  <\/div>\n\n\n\n\t\t<\/div>\n\t\t\t\t\t<\/div>\n\n\t\n\n<\/div>\n\n\t\t<\/div>\n\n\t\t\n<style>\n#section_1828567145 {\n  padding-top: 0px;\n  padding-bottom: 0px;\n  background-color: rgb(249, 245, 242);\n}\n<\/style>\n\t<\/section>\n\t\n\n\t<section class=\"section\" id=\"section_144143466\">\n\t\t<div class=\"section-bg fill\" >\n\t\t\t\t\t\t\t\t\t\n\t\t\t\n\n\t\t<\/div>\n\n\t\t\n\n\t\t<div class=\"section-content relative\">\n\t\t\t\n\n<div class=\"row\"  id=\"row-1681624841\">\n\n\n\t<div id=\"col-1092258901\" class=\"col medium-6 small-12 large-6\"  >\n\t\t\t\t<div class=\"col-inner\" style=\"background-color:rgb(255, 255, 255);\" >\n\t\t\t\n\t\t\t\n\n<h2>Digitale Pflegeberatung und professionelle Unterst\u00fctzung<\/h2>\n\n\t\t<\/div>\n\t\t\t\t\n<style>\n#col-1092258901 > .col-inner {\n  padding: 30px 30px 15px 30px;\n  margin: -42px 0px 0px 0px;\n  border-radius: 7px;\n}\n@media (min-width:550px) {\n  #col-1092258901 > .col-inner {\n    margin: -72px 0px 0px 0px;\n  }\n}\n<\/style>\n\t<\/div>\n\n\t\n\n<\/div>\n\n\t\t<\/div>\n\n\t\t\n<style>\n#section_144143466 {\n  padding-top: 0px;\n  padding-bottom: 0px;\n}\n<\/style>\n\t<\/section>\n\t\n\n\t<section class=\"section\" id=\"section_1901266776\">\n\t\t<div class=\"section-bg fill\" >\n\t\t\t\t\t\t\t\t\t\n\t\t\t\n\n\t\t<\/div>\n\n\t\t\n\n\t\t<div class=\"section-content relative\">\n\t\t\t\n\n<div class=\"row\"  id=\"row-657950320\">\n\n\n\t<div id=\"col-116733378\" class=\"col medium-8 small-12 large-8\"  >\n\t\t\t\t<div class=\"col-inner\"  >\n\t\t\t\n\t\t\t\n\n<p>F\u00fcr weitere Informationen zu unseren Dienstleistungen oder den Kosten dieser Dienstleistungen wenden Sie sich bitte \u00fcber soziale Netzwerke oder direkt per Telefon oder E-Mail an unsere Vertreter.<\/p>\n<p>Sie erhalten sehr schnell wertvolle Informationen dar\u00fcber, was Sie ben\u00f6tigen. Ausgebildete Pflegefachkr\u00e4fte mit der Zusatzqualifikation \u201ePflegeberater\u201c stehen Ihnen mit Rat und Tat zur Seite.<br \/>\nDie Pflegeberatung ist f\u00fcr Pflegebed\u00fcrftige kostenlos.<\/p>\n\n\t\t<\/div>\n\t\t\t\t\n<style>\n#col-116733378 > .col-inner {\n  padding: 0px 0px 0px 0px;\n}\n@media (min-width:550px) {\n  #col-116733378 > .col-inner {\n    padding: 0px 0px 0px 30px;\n  }\n}\n<\/style>\n\t<\/div>\n\n\t\n\n\t<div id=\"col-1180019984\" class=\"col medium-4 small-12 large-4 small-col-first\"  >\n\t\t\t\t<div class=\"col-inner\"  >\n\t\t\t\n\t\t\t\n\n\t<div class=\"img has-hover x md-x lg-x y md-y lg-y\" id=\"image_2088723251\">\n\t\t\t\t\t\t\t\t<div class=\"img-inner image-cover dark\" style=\"padding-top:56.25%;\">\n\t\t\t<img loading=\"lazy\" decoding=\"async\" width=\"360\" height=\"540\" src=\"https:\/\/smile-rks.com\/wp-content\/uploads\/2023\/11\/bg-OI.jpg\" class=\"attachment-original size-original\" alt=\"\" srcset=\"https:\/\/smile-rks.com\/wp-content\/uploads\/2023\/11\/bg-OI.jpg 360w, https:\/\/smile-rks.com\/wp-content\/uploads\/2023\/11\/bg-OI-200x300.jpg 200w\" sizes=\"auto, (max-width: 360px) 100vw, 360px\" \/>\t\t\t\t\t\t\n\t\t\t\t\t<\/div>\n\t\t\t\t\t\t\t\t\n<style>\n#image_2088723251 {\n  width: 100%;\n}\n<\/style>\n\t<\/div>\n\t\n\n\n\t\t<\/div>\n\t\t\t\t\t<\/div>\n\n\t\n\n<\/div>\n\n\t\t<\/div>\n\n\t\t\n<style>\n#section_1901266776 {\n  padding-top: 0px;\n  padding-bottom: 0px;\n}\n<\/style>\n\t<\/section>\n\t\n\n\t<section class=\"section\" id=\"section_414167432\">\n\t\t<div class=\"section-bg fill\" >\n\t\t\t\t\t\t\t\t\t\n\t\t\t\n\n\t\t<\/div>\n\n\t\t\n\n\t\t<div class=\"section-content relative\">\n\t\t\t\n\n<div class=\"row align-middle\"  id=\"row-787648081\">\n\n\n\t<div id=\"col-1994743061\" class=\"col medium-5 small-12 large-5\"  >\n\t\t\t\t<div class=\"col-inner\"  >\n\t\t\t\n\t\t\t\n\n<h2>Unser Ziel ist es, die Pflege sicherer und einfacher zu machen.<\/h2>\n<div class=\"is-divider divider clearfix\" style=\"margin-top:0.2em;margin-bottom:0.2em;max-width:363px;height:1px;\"><\/div>\n\n\n\t\t<\/div>\n\t\t\t\t\t<\/div>\n\n\t\n\n\t<div id=\"col-1436310628\" class=\"col medium-7 small-12 large-7\"  >\n\t\t\t\t<div class=\"col-inner\"  >\n\t\t\t\n\t\t\t\n\n<p>Das innovative Pflegeberatungskonzept von Smile Home Care \u2013 macht die Pflege effektiver und nachhaltiger. Sie k\u00f6nnen einfach und schnell zertifizierte Pflegeberater kontaktieren. Sie erhalten kompetente Beratung und Unterst\u00fctzung per Videotelefonie und sparen so Zeit und Geld. Durch die papierlose Dokumentation in Echtzeit k\u00f6nnen zudem Ressourcen geschont und ein \u00f6kologischer Aspekt in der Pflege umgesetzt werden.<\/p>\n\n\t\t<\/div>\n\t\t\t\t\t<\/div>\n\n\t\n\n<\/div>\n\n\t\t<\/div>\n\n\t\t\n<style>\n#section_414167432 {\n  padding-top: 90px;\n  padding-bottom: 90px;\n  background-color: #f9f5f2;\n}\n<\/style>\n\t<\/section>\n\t\n\n\t<section class=\"section\" id=\"section_78774637\">\n\t\t<div class=\"section-bg fill\" >\n\t\t\t\t\t\t\t\t\t\n\t\t\t\n\n\t\t<\/div>\n\n\t\t\n\n\t\t<div class=\"section-content relative\">\n\t\t\t\n\n<div class=\"row align-middle align-center\"  id=\"row-2146732170\">\n\n\n\t<div id=\"col-10484552\" class=\"col medium-8 small-12 large-8\"  >\n\t\t\t\t<div class=\"col-inner\"  >\n\t\t\t\n\t\t\t\n\n\t<div id=\"text-2288859557\" class=\"text\">\n\t\t\n\n<h2>So funktionieren digitale Pflegetipps<\/h2>\n\t\t\n<style>\n#text-2288859557 {\n  text-align: left;\n}\n<\/style>\n\t<\/div>\n\t\n<p>Die digitalen Pflegetipps von Smile funktionieren ganz einfach. \u00dcber den unten stehenden Link k\u00f6nnen Sie einen f\u00fcr Sie passenden Termin buchen. Sie werden rechtzeitig an Ihren Termin erinnert und auch der Zugriff auf die digitale Beratung ist ganz einfach \u2013 folgen Sie einfach den Anweisungen.<\/p>\n\n\t\t<\/div>\n\t\t\t\t\t<\/div>\n\n\t\n\n\t<div id=\"col-1799643480\" class=\"col medium-4 small-12 large-4\"  >\n\t\t\t\t<div class=\"col-inner\" style=\"background-color:#f9f5f2;\" >\n\t\t\t\n\t\t\t\n\n\n\t\t<div class=\"icon-box featured-box icon-box-left text-left is-xlarge\"  >\n\t\t\t\t\t<div class=\"icon-box-img\" style=\"width: 38px\">\n\t\t\t\t<div class=\"icon\">\n\t\t\t\t\t<div class=\"icon-inner\" >\n\t\t\t\t\t\t<img loading=\"lazy\" decoding=\"async\" width=\"128\" height=\"128\" src=\"https:\/\/smile-rks.com\/wp-content\/uploads\/2023\/10\/telephone.png\" class=\"attachment-medium size-medium\" alt=\"\" \/>\t\t\t\t\t<\/div>\n\t\t\t\t<\/div>\n\t\t\t<\/div>\n\t\t\t\t<div class=\"icon-box-text last-reset\">\n\t\t\t\t\t\t\t\t\t\n\n\t<div id=\"text-2292526907\" class=\"text\">\n\t\t\n\n<p><span style=\"font-size: 120%;\">+383 48 711 000<\/span><\/p>\n\n\t\t\n<style>\n#text-2292526907 {\n  font-size: 1rem;\n}\n<\/style>\n\t<\/div>\n\t\n\n\t\t<\/div>\n\t<\/div>\n\t\n\t\n<div class=\"is-divider divider clearfix\" style=\"max-width:296px;height:1px;\"><\/div>\n\n\n\t\t<div class=\"icon-box featured-box icon-box-left text-left is-xlarge\"  >\n\t\t\t\t\t<div class=\"icon-box-img\" style=\"width: 38px\">\n\t\t\t\t<div class=\"icon\">\n\t\t\t\t\t<div class=\"icon-inner\" >\n\t\t\t\t\t\t<img loading=\"lazy\" decoding=\"async\" width=\"256\" height=\"256\" src=\"https:\/\/smile-rks.com\/wp-content\/uploads\/2023\/10\/email.png\" class=\"attachment-medium size-medium\" alt=\"\" srcset=\"https:\/\/smile-rks.com\/wp-content\/uploads\/2023\/10\/email.png 256w, https:\/\/smile-rks.com\/wp-content\/uploads\/2023\/10\/email-150x150.png 150w\" sizes=\"auto, (max-width: 256px) 100vw, 256px\" \/>\t\t\t\t\t<\/div>\n\t\t\t\t<\/div>\n\t\t\t<\/div>\n\t\t\t\t<div class=\"icon-box-text last-reset\">\n\t\t\t\t\t\t\t\t\t\n\n\t<div id=\"text-4170564235\" class=\"text\">\n\t\t\n\n<p><span style=\"font-size: 120%;\">info@smile-ks.com<\/span><\/p>\n\t\t\n<style>\n#text-4170564235 {\n  font-size: 1rem;\n}\n<\/style>\n\t<\/div>\n\t\n\n\t\t<\/div>\n\t<\/div>\n\t\n\t\n\n\t\t<\/div>\n\t\t\t\t\n<style>\n#col-1799643480 > .col-inner {\n  padding: 30px 30px 30px 30px;\n  border-radius: 9px;\n}\n<\/style>\n\t<\/div>\n\n\t\n\n<\/div>\n\n\t\t<\/div>\n\n\t\t\n<style>\n#section_78774637 {\n  padding-top: 90px;\n  padding-bottom: 90px;\n}\n<\/style>\n\t<\/section>\n\t\n\n\t<section class=\"section\" id=\"section_1476278362\">\n\t\t<div class=\"section-bg fill\" >\n\t\t\t\t\t\t\t\t\t\n\t\t\t\n\n\t\t<\/div>\n\n\t\t\n\n\t\t<div class=\"section-content relative\">\n\t\t\t\n\n<div class=\"row align-middle align-center\"  id=\"row-1984379284\">\n\n\n\t<div id=\"col-1914282392\" class=\"col medium-11 small-12 large-11\"  >\n\t\t\t\t<div class=\"col-inner\"  >\n\t\t\t\n\t\t\t\n\n\t<div id=\"text-4238502362\" class=\"text\">\n\t\t\n\n<h2>Pflegeberatungsstellen ganz bequem bei Ihnen zu Hause<\/h2>\n\t\t\n<style>\n#text-4238502362 {\n  text-align: center;\n}\n<\/style>\n\t<\/div>\n\t\n\t<div id=\"text-4282407960\" class=\"text\">\n\t\t\n\n<p>Ein gro\u00dfer Vorteil der digitalen Pflegeberatung besteht darin, dass sie zeit- und ortsunabh\u00e4ngig genutzt werden kann. Dies erleichtert Menschen mit eingeschr\u00e4nkter Mobilit\u00e4t oder in l\u00e4ndlichen Gebieten die Beratung. Dar\u00fcber hinaus k\u00f6nnen sich Ratsuchende auf diese Weise h\u00e4ufig schneller und einfacher informieren.<\/p>\n<p>Gerade in herausfordernden Zeiten, gr\u00f6\u00dferer finanzieller Belastung und komplexen Herausforderungen im Berufsleben m\u00f6chte Smile den Angeh\u00f6rigen gr\u00f6\u00dftm\u00f6gliche Erleichterung bieten und die Beratungsgespr\u00e4che f\u00fcr ihre Mandanten so angenehm und zeitsparend wie m\u00f6glich gestalten. Sie k\u00f6nnen ganz einfach Ihren pers\u00f6nlichen Wunschtermin ausw\u00e4hlen.<\/p>\n\t\t\n<style>\n#text-4282407960 {\n  text-align: center;\n}\n<\/style>\n\t<\/div>\n\t\n\n\t\t<\/div>\n\t\t\t\t\t<\/div>\n\n\t\n\n<\/div>\n\n\t\t<\/div>\n\n\t\t\n<style>\n#section_1476278362 {\n  padding-top: 90px;\n  padding-bottom: 90px;\n  background-color: #f9f5f2;\n}\n<\/style>\n\t<\/section>","protected":false},"excerpt":{"rendered":"","protected":false},"author":1,"featured_media":0,"parent":0,"menu_order":0,"comment_status":"closed","ping_status":"closed","template":"page-blank.php","meta":{"footnotes":""},"class_list":["post-428","page","type-page","status-publish","hentry"],"_links":{"self":[{"href":"https:\/\/smile-rks.com\/de\/wp-json\/wp\/v2\/pages\/428","targetHints":{"allow":["GET"]}}],"collection":[{"href":"https:\/\/smile-rks.com\/de\/wp-json\/wp\/v2\/pages"}],"about":[{"href":"https:\/\/smile-rks.com\/de\/wp-json\/wp\/v2\/types\/page"}],"author":[{"embeddable":true,"href":"https:\/\/smile-rks.com\/de\/wp-json\/wp\/v2\/users\/1"}],"replies":[{"embeddable":true,"href":"https:\/\/smile-rks.com\/de\/wp-json\/wp\/v2\/comments?post=428"}],"version-history":[{"count":0,"href":"https:\/\/smile-rks.com\/de\/wp-json\/wp\/v2\/pages\/428\/revisions"}],"wp:attachment":[{"href":"https:\/\/smile-rks.com\/de\/wp-json\/wp\/v2\/media?parent=428"}],"curies":[{"name":"wp","href":"https:\/\/api.w.org\/{rel}","templated":true}]}}