{"id":102,"date":"2023-10-11T15:01:38","date_gmt":"2023-10-11T15:01:38","guid":{"rendered":"https:\/\/smile-rks.com\/?page_id=102"},"modified":"2023-12-21T17:30:10","modified_gmt":"2023-12-21T17:30:10","slug":"sherbimet","status":"publish","type":"page","link":"https:\/\/smile-rks.com\/de\/sherbimet\/","title":{"rendered":"Dienstleistungen"},"content":{"rendered":"<section class=\"section\" id=\"section_1766941230\">\n\t\t<div class=\"section-bg fill\" >\n\t\t\t\t\t\t\t\t\t\n\t\t\t\n\n\t\t<\/div>\n\n\t\t\n\n\t\t<div class=\"section-content relative\">\n\t\t\t\n\n<div class=\"row\" style=\"max-width:1300px\" id=\"row-1000034354\">\n\n\n\t<div id=\"col-2042432267\" class=\"col small-12 large-12\"  >\n\t\t\t\t<div class=\"col-inner\"  >\n\t\t\t\n\t\t\t\n\n\t<div id=\"gap-995622883\" class=\"gap-element clearfix\" style=\"display:block; height:auto;\">\n\t\t\n<style>\n#gap-995622883 {\n  padding-top: 30px;\n}\n<\/style>\n\t<\/div>\n\t\n\n\n  <div class=\"banner has-hover\" id=\"banner-1756824120\">\n          <div class=\"banner-inner fill\">\n        <div class=\"banner-bg fill\" >\n            <img loading=\"lazy\" decoding=\"async\" width=\"2493\" height=\"1662\" src=\"https:\/\/smile-rks.com\/wp-content\/uploads\/2023\/12\/happy-old-woman-nursing-home-sitting-couch-talking-with-her-caretaker-retired-woman-with-crutches.webp\" class=\"bg attachment-original size-original\" alt=\"\" \/>                                    \n                    <\/div>\n\t\t\n        <div class=\"banner-layers container\">\n            <div class=\"fill banner-link\"><\/div>            \n\n   <div id=\"text-box-1044638433\" class=\"text-box banner-layer x50 md-x50 lg-x50 y50 md-y50 lg-y50 res-text\">\n                                <div class=\"text-box-content text dark\">\n              \n              <div class=\"text-inner text-center\">\n                  \n\n\n              <\/div>\n           <\/div>\n                            \n<style>\n#text-box-1044638433 {\n  width: 60%;\n}\n#text-box-1044638433 .text-box-content {\n  font-size: 100%;\n}\n<\/style>\n    <\/div>\n \n\n        <\/div>\n      <\/div>\n\n            \n<style>\n#banner-1756824120 {\n  padding-top: 164px;\n  background-color: rgb(249, 245, 242);\n}\n#banner-1756824120 .banner-bg img {\n  object-position: 0% 34%;\n}\n@media (min-width:550px) {\n  #banner-1756824120 {\n    padding-top: 381px;\n  }\n}\n<\/style>\n  <\/div>\n\n\n\n\t\t<\/div>\n\t\t\t\t\t<\/div>\n\n\t\n\n<\/div>\n\n\t\t<\/div>\n\n\t\t\n<style>\n#section_1766941230 {\n  padding-top: 0px;\n  padding-bottom: 0px;\n  background-color: rgb(249, 245, 242);\n}\n<\/style>\n\t<\/section>\n\t\n\n\t<section class=\"section\" id=\"section_1437162330\">\n\t\t<div class=\"section-bg fill\" >\n\t\t\t\t\t\t\t\t\t\n\t\t\t\n\n\t\t<\/div>\n\n\t\t\n\n\t\t<div class=\"section-content relative\">\n\t\t\t\n\n<div class=\"row row-collapse\"  id=\"row-1143473970\">\n\n\n\t<div id=\"col-1331359910\" class=\"col medium-6 small-12 large-6\"  >\n\t\t\t\t<div class=\"col-inner\" style=\"background-color:rgb(255, 255, 255);\" >\n\t\t\t\n\t\t\t\n\n<h2 class=\"translation-block\">H\u00e4usliche Pflege f\u00fcr \u00e4ltere Menschen<\/h2>\n\n\t\t<\/div>\n\t\t\t\t\n<style>\n#col-1331359910 > .col-inner {\n  padding: 30px 30px 15px 30px;\n  margin: -24px 0px 0px 0px;\n  border-radius: 7px;\n}\n@media (min-width:550px) {\n  #col-1331359910 > .col-inner {\n    margin: -72px 0px 0px 0px;\n  }\n}\n<\/style>\n\t<\/div>\n\n\t\n\n<\/div>\n\n\t\t<\/div>\n\n\t\t\n<style>\n#section_1437162330 {\n  padding-top: 0px;\n  padding-bottom: 0px;\n}\n<\/style>\n\t<\/section>\n\t\n\t<div id=\"gap-269270258\" class=\"gap-element clearfix\" style=\"display:block; height:auto;\">\n\t\t\n<style>\n#gap-269270258 {\n  padding-top: 30px;\n}\n<\/style>\n\t<\/div>\n\t\n\n\n\t<section class=\"section\" id=\"section_1653763109\">\n\t\t<div class=\"section-bg fill\" >\n\t\t\t\t\t\t\t\t\t\n\t\t\t\n\n\t\t<\/div>\n\n\t\t\n\n\t\t<div class=\"section-content relative\">\n\t\t\t\n\n<div class=\"row\"  id=\"row-1043334561\">\n\n\n\t<div id=\"col-1091208218\" class=\"col medium-6 small-12 large-6\"  >\n\t\t\t\t<div class=\"col-inner\"  >\n\t\t\t\n\t\t\t\n\n<ul>\n<li class=\"bullet-arrow\">Betreuung immobiler Personen<\/li>\n<li class=\"bullet-arrow\">Hilfe bei der Aufrechterhaltung der pers\u00f6nlichen Hygiene<span style=\"font-size: 85%;\"> <br \/><span style=\"font-size: 85%;\">(Wechseln der Windeln f\u00fcr Erwachsene und Waschen in der Badewanne oder im Bett)<\/span><\/span><\/li>\n<li class=\"bullet-arrow\">Hilfe bei der Bewegung und Verwendung orthop\u00e4discher Hilfsmittel<\/li>\n<li class=\"bullet-arrow\">Betreuung von Menschen mit Demenz<\/li>\n<li class=\"bullet-arrow\">Kontrolle, Bereitstellung und Sicherstellung der regelm\u00e4\u00dfigen Medikamenteneinnahme<\/li>\n<\/ul>\n\n\t\t<\/div>\n\t\t\t\t\t<\/div>\n\n\t\n\n\t<div id=\"col-594965187\" class=\"col medium-6 small-12 large-6\"  >\n\t\t\t\t<div class=\"col-inner\"  >\n\t\t\t\n\t\t\t\n\n<ul>\n<li class=\"bullet-arrow\">Krankentransport und Begleitung durch Krankenschwestern<\/li>\n<li class=\"bullet-arrow\">Palliativpflege<\/li>\n<li class=\"bullet-arrow\">Beschaffung von Haushaltswaren <br \/><span style=\"font-size: 75%;\">(Hilfe beim Kauf von Haushaltsgegenst\u00e4nden)<\/span><\/li>\n<li class=\"bullet-arrow\">Erledigung von Haushaltsarbeit: <span style=\"font-size: 75%;\">(W\u00e4sche waschen, b\u00fcgeln, Geschirr sp\u00fclen...)<\/span><\/li>\n<li class=\"bullet-arrow\">Aufrechterhaltung der Hygiene im Wohnumfeld<\/li>\n<\/ul>\n\n\t\t<\/div>\n\t\t\t\t\t<\/div>\n\n\t\n\n<\/div>\n\n\t\t<\/div>\n\n\t\t\n<style>\n#section_1653763109 {\n  padding-top: 0px;\n  padding-bottom: 0px;\n}\n@media (min-width:550px) {\n  #section_1653763109 {\n    padding-top: 0px;\n    padding-bottom: 0px;\n  }\n}\n<\/style>\n\t<\/section>\n\t\n\t<div id=\"gap-1597867911\" class=\"gap-element clearfix\" style=\"display:block; height:auto;\">\n\t\t\n<style>\n#gap-1597867911 {\n  padding-top: 30px;\n}\n<\/style>\n\t<\/div>\n\t\n\n\n\t<section class=\"section\" id=\"section_1708847965\">\n\t\t<div class=\"section-bg fill\" >\n\t\t\t<img decoding=\"async\" src=\"https:\/\/smile-rks.com\/wp-content\/uploads\/2023\/11\/Rect-Light-1.svg\" class=\"bg attachment- size-\" alt=\"\" \/>\t\t\t\t\t\t\n\t\t\t\n\n\t\t<\/div>\n\n\t\t\n\n\t\t<div class=\"section-content relative\">\n\t\t\t\n\n<div class=\"row align-middle\"  id=\"row-958866058\">\n\n\n\t<div id=\"col-1499138407\" class=\"col medium-6 small-12 large-6\"  >\n\t\t\t\t<div class=\"col-inner\"  >\n\t\t\t\n\t\t\t\n\n\t<div id=\"gap-121381315\" class=\"gap-element clearfix show-for-small\" style=\"display:block; height:auto;\">\n\t\t\n<style>\n#gap-121381315 {\n  padding-top: 41px;\n}\n@media (min-width:550px) {\n  #gap-121381315 {\n    padding-top: 30px;\n  }\n}\n<\/style>\n\t<\/div>\n\t\n\n<span class=\"scroll-to\" data-label=\"Scroll to: #sherbimetmjekesore\" data-bullet=\"false\" data-link=\"#sherbimetmjekesore\" data-title=\"sherbimet mjekesore\" ><a name=\"sherbimetmjekesore\"><\/a><\/span>\n\n\n  <div class=\"banner has-hover\" id=\"banner-184694067\">\n          <div class=\"banner-inner fill\">\n        <div class=\"banner-bg fill\" >\n            <img loading=\"lazy\" decoding=\"async\" width=\"1020\" height=\"680\" src=\"https:\/\/smile-rks.com\/wp-content\/uploads\/2023\/11\/Services-BG-Smile-Home-Care-1024x683.webp\" class=\"bg attachment-large size-large\" alt=\"\" \/>                                    \n                    <\/div>\n\t\t\n        <div class=\"banner-layers container\">\n            <div class=\"fill banner-link\"><\/div>            \n\n   <div id=\"text-box-437742559\" class=\"text-box banner-layer x50 md-x50 lg-x50 y50 md-y50 lg-y50 res-text\">\n                                <div class=\"text-box-content text dark\">\n              \n              <div class=\"text-inner text-center\">\n                  \n\n\n              <\/div>\n           <\/div>\n                            \n<style>\n#text-box-437742559 {\n  width: 60%;\n}\n#text-box-437742559 .text-box-content {\n  font-size: 100%;\n}\n<\/style>\n    <\/div>\n \n\n        <\/div>\n      <\/div>\n\n            \n<style>\n#banner-184694067 {\n  padding-top: 218px;\n  background-color: #f9f5f2;\n}\n#banner-184694067 .banner-bg img {\n  object-position: 36% 0%;\n}\n<\/style>\n  <\/div>\n\n\n<div class=\"row row-collapse\"  id=\"row-631878531\">\n\n\n\t<div id=\"col-1118855286\" class=\"col small-12 large-12\"  >\n\t\t\t\t<div class=\"col-inner\"  >\n\t\t\t\n\t\t\t\n\n\t<div id=\"text-2584302000\" class=\"text\">\n\t\t\n\n<h2>Medizinischer Dienst:<\/h2>\n\t\t\n<style>\n#text-2584302000 {\n  text-align: left;\n}\n@media (min-width:550px) {\n  #text-2584302000 {\n    text-align: left;\n  }\n}\n<\/style>\n\t<\/div>\n\t\n<ul>\n<li class=\"bullet-checkmark\">Bereitstellung von Therapien und medizinischen Behandlungen <br \/><span style=\"font-size: 75%;\">Verabreichen von intraven\u00f6ser, intramuskul\u00e4rer, oraler Therapie, Reinigen von Wunden, Anlegen von    \n   Verb\u00e4nden, Katheterisieren von Patienten, Inhalationen, Entfernen von Naht usw.<\/span><\/li>\n<li class=\"bullet-checkmark\">Betreuung und Begleitung bei Arztbesuchen<br \/><span style=\"font-size: 75%;\">den Patienten in das vom Patienten gew\u00fcnschte Krankenhaus schicken, ihn bei Besuchen begleiten \n   und ihn nach Hause zur\u00fcckbringen.<\/span><\/li>\n<li class=\"bullet-checkmark\">EKG<\/li>\n<li class=\"bullet-checkmark\">Messung von Glukose (Zucker)<\/li>\n<li class=\"bullet-checkmark\">Blutdruckmessung<\/li>\n<li class=\"bullet-checkmark\">Infusionen<\/li>\n<li class=\"bullet-checkmark\">Injektionen<\/li>\n<li class=\"bullet-checkmark\">Anpassung der Medikamente<\/li>\n<li class=\"bullet-checkmark\">Beurteilung der Aktivit\u00e4ten des t\u00e4glichen Lebens<\/li>\n<\/ul>\n\n\t\t<\/div>\n\t\t\t\t\n<style>\n#col-1118855286 > .col-inner {\n  padding: 30px 0px 0px 0px;\n  border-radius: 8px;\n}\n<\/style>\n\t<\/div>\n\n\t\n\n\n<style>\n#row-631878531 > .col > .col-inner {\n  padding: 10px 22px 10px 30px;\n  background-color: rgb(255, 255, 255);\n}\n@media (min-width:550px) {\n  #row-631878531 > .col > .col-inner {\n    padding: 30px 30px 10px 30px;\n  }\n}\n<\/style>\n<\/div>\n\n\t\t<\/div>\n\t\t\t\t\n<style>\n#col-1499138407 > .col-inner {\n  padding: 0px 0px 0px 0px;\n}\n@media (min-width:550px) {\n  #col-1499138407 > .col-inner {\n    padding: 0px 30px 0px 30px;\n  }\n}\n<\/style>\n\t<\/div>\n\n\t\n\n\t<div id=\"col-549890611\" class=\"col medium-6 small-12 large-6\"  >\n\t\t\t\t<div class=\"col-inner\"  >\n\t\t\t\n\t\t\t\n\n<span class=\"scroll-to\" data-label=\"Scroll to: #vizitamjekut\" data-bullet=\"false\" data-link=\"#vizitamjekut\" data-title=\"vizitamjekut\" ><a name=\"vizitamjekut\"><\/a><\/span>\n\n\t<div id=\"text-3012535469\" class=\"text\">\n\t\t\n\n<h2>Arztbesuch<\/h2>\n\t\t\n<style>\n#text-3012535469 {\n  text-align: left;\n}\n<\/style>\n\t<\/div>\n\t\n<div class=\"is-divider divider clearfix\" style=\"max-width:100%;height:2px;\"><\/div>\n\n\t<div id=\"text-4063442824\" class=\"text\">\n\t\t\n\n<ul>\n<li class=\"bullet-checkmark\">Medizinische \u00dcberpr\u00fcfung<\/li>\n<li class=\"bullet-checkmark\">Gesundheitstipps<\/li>\n<li class=\"bullet-checkmark\">Essenstipps<\/li>\n<li class=\"bullet-checkmark\">Behandlung von Krankheiten:<\/li>\n<\/ul>\n<p><span style=\"font-size: 80%;\">Atmungssystem \u2013 Pharyngitis, Mandelentz\u00fcndung, Bronchitis, Lungenentz\u00fcndung usw.<\/span><\/p>\n<p><span style=\"font-size: 80%;\">Herz-Kreislauf-System \u2013 Arterielle Hypertonie, Kardiomyopathie usw.<\/span><\/p>\n<p><span style=\"font-size: 80%;\">Magen-Darm-System \u2013 Gastritis, Enterokolitis, Durchfall, Verstopfung, Cholezystitis usw.<\/span><\/p>\n<p><span style=\"font-size: 80%;\">Urogenitalsystem \u2013 Infektionen des Urogenitaltrakts, Zystitis, Pyelonephritis, Nephrolithiasis usw.<\/span><\/p>\n<p><span style=\"font-size: 80%;\">Nervensystem \u2013 Der Zustand nach IW, Neurosen, Epilepsien usw.<\/span><\/p>\n<p><span style=\"font-size: 80%;\">Endokrines System \u2013 Diabetes mellitus Typ 1 und Typ 2, Schilddr\u00fcsenerkrankungen usw.<\/span><\/p>\n<p><span style=\"font-size: 80%;\">Bewegungsapparat \u2013 Schmerzen in Muskeln, Gelenken usw.<\/span><\/p>\n<p><span style=\"font-size: 80%;\">Infektionskrankheiten \u2013 Grippe, Infektionen des Verdauungstrakts, Lebensmittelvergiftung, Hautinfektionen usw.<\/span><\/p>\n\t\t\n<style>\n#text-4063442824 {\n  font-size: 1rem;\n  text-align: left;\n}\n<\/style>\n\t<\/div>\n\t\n\n\t\t<\/div>\n\t\t\t\t\t<\/div>\n\n\t\n\n<\/div>\n\n\t\t<\/div>\n\n\t\t\n<style>\n#section_1708847965 {\n  padding-top: 30px;\n  padding-bottom: 30px;\n  background-color: rgb(249, 245, 242);\n}\n@media (min-width:550px) {\n  #section_1708847965 {\n    padding-top: 90px;\n    padding-bottom: 90px;\n  }\n}\n<\/style>\n\t<\/section>\n\t\n<span class=\"scroll-to\" data-label=\"Scroll to: #sherbimet-tjera\" data-bullet=\"false\" data-link=\"#sherbimet-tjera\" data-title=\"Sherbimettjera\" ><a name=\"sherbimet-tjera\"><\/a><\/span>\n\n\n\n\n\t<section class=\"section\" id=\"section_1332466\">\n\t\t<div class=\"section-bg fill\" >\n\t\t\t\t\t\t\t\t\t\n\t\t\t\n\n\t\t<\/div>\n\n\t\t\n\n\t\t<div class=\"section-content relative\">\n\t\t\t\n\n<div class=\"row align-bottom\"  id=\"row-85254836\">\n\n\n\t<div id=\"col-1717959314\" class=\"col medium-6 small-12 large-6\"  >\n\t\t\t\t<div class=\"col-inner\"  >\n\t\t\t\n\t\t\t\n\n<h2>Andere Dienstleistungen:<\/h2>\n<div class=\"is-divider divider clearfix\" style=\"max-width:100%;height:2px;\"><\/div>\n\n\t<div id=\"text-573349043\" class=\"text\">\n\t\t\n\n<ul>\n<li class=\"bullet-arrow\">T\u00e4gliche Hilfe\u00a0<br \/><span style=\"font-size: 75%;\">T\u00e4gliche Hilfe bei der Erledigung von Haushaltsaufgaben f\u00fcr \u00e4ltere Menschen, wie z. B. Einkaufen von \n   Dingen, Medikamenten, Begleitung w\u00e4hrend des Tages usw.<\/span><\/li>\n<li class=\"bullet-arrow\">Pers\u00f6nliche Pflege (Hygienepflege)\u00a0 <br \/><span style=\"font-size: 75%;\">Dazu geh\u00f6rt, durch Sauberkeit (Waschen, Windelwechsel f\u00fcr Erwachsene, Kleidung usw.) f\u00fcr die Gesundheit des K\u00f6rpers und das menschliche Wohlbefinden zu sorgen.<\/span><\/li>\n<\/ul>\n\t\t\n<style>\n#text-573349043 {\n  font-size: 1rem;\n  text-align: left;\n}\n<\/style>\n\t<\/div>\n\t\n\n\t\t<\/div>\n\t\t\t\t\t<\/div>\n\n\t\n\n\t<div id=\"col-923192782\" class=\"col medium-6 small-12 large-6\"  >\n\t\t\t\t<div class=\"col-inner\"  >\n\t\t\t\n\t\t\t\n\n\t<div id=\"text-2472675144\" class=\"text\">\n\t\t\n\n<ul>\n<li class=\"bullet-arrow\">Hilfe bei der Hausarbeit <br \/><span style=\"font-size: 75%;\">Allgemeine Hausreinigung.<\/span><\/li>\n<li class=\"bullet-arrow\">Essenszubereitung <br \/><span style=\"font-size: 75%;\">Mit der M\u00f6glichkeit zu w\u00e4hlen: Zubereitung bei Ihnen zu Hause oder Fertiggerichte.<\/span><\/li>\n<li class=\"bullet-arrow\">W\u00e4sche \u2013 <span style=\"font-size: 75%;\">Waschen, Trocknen und B\u00fcgeln.<\/span><\/li>\n<li class=\"bullet-arrow\">Nanny (Babysitter) \u2013 <span style=\"font-size: 75%;\">Betreuung der Kinder bei Veranstaltungen, Partys usw.<\/span><\/li>\n<\/ul>\n\t\t\n<style>\n#text-2472675144 {\n  font-size: 1rem;\n  text-align: left;\n}\n<\/style>\n\t<\/div>\n\t\n\n\t\t<\/div>\n\t\t\t\t\t<\/div>\n\n\t\n\n<\/div>\n<div class=\"row align-middle\"  id=\"row-579444226\">\n\n\n\t<div id=\"col-1387746845\" class=\"col medium-8 small-12 large-8\"  >\n\t\t\t\t<div class=\"col-inner\"  >\n\t\t\t\n\t\t\t\n\n\t<div id=\"gap-1142401170\" class=\"gap-element clearfix show-for-small\" style=\"display:block; height:auto;\">\n\t\t\n<style>\n#gap-1142401170 {\n  padding-top: 41px;\n}\n@media (min-width:550px) {\n  #gap-1142401170 {\n    padding-top: 30px;\n  }\n}\n<\/style>\n\t<\/div>\n\t\n\n\n\t\t<\/div>\n\t\t\t\t\n<style>\n#col-1387746845 > .col-inner {\n  padding: 0px 0px 0px 0px;\n}\n@media (min-width:550px) {\n  #col-1387746845 > .col-inner {\n    padding: 0px 30px 0px 30px;\n  }\n}\n<\/style>\n\t<\/div>\n\n\t\n\n<\/div>\n\n\t\t<\/div>\n\n\t\t\n<style>\n#section_1332466 {\n  padding-top: 30px;\n  padding-bottom: 30px;\n}\n@media (min-width:550px) {\n  #section_1332466 {\n    padding-top: 90px;\n    padding-bottom: 90px;\n  }\n}\n<\/style>\n\t<\/section>","protected":false},"excerpt":{"rendered":"","protected":false},"author":1,"featured_media":0,"parent":0,"menu_order":0,"comment_status":"closed","ping_status":"closed","template":"page-blank.php","meta":{"footnotes":""},"class_list":["post-102","page","type-page","status-publish","hentry"],"_links":{"self":[{"href":"https:\/\/smile-rks.com\/de\/wp-json\/wp\/v2\/pages\/102","targetHints":{"allow":["GET"]}}],"collection":[{"href":"https:\/\/smile-rks.com\/de\/wp-json\/wp\/v2\/pages"}],"about":[{"href":"https:\/\/smile-rks.com\/de\/wp-json\/wp\/v2\/types\/page"}],"author":[{"embeddable":true,"href":"https:\/\/smile-rks.com\/de\/wp-json\/wp\/v2\/users\/1"}],"replies":[{"embeddable":true,"href":"https:\/\/smile-rks.com\/de\/wp-json\/wp\/v2\/comments?post=102"}],"version-history":[{"count":0,"href":"https:\/\/smile-rks.com\/de\/wp-json\/wp\/v2\/pages\/102\/revisions"}],"wp:attachment":[{"href":"https:\/\/smile-rks.com\/de\/wp-json\/wp\/v2\/media?parent=102"}],"curies":[{"name":"wp","href":"https:\/\/api.w.org\/{rel}","templated":true}]}}